{"id":577,"date":"2022-11-15T22:57:16","date_gmt":"2022-11-15T21:57:16","guid":{"rendered":"https:\/\/martinbitman.cz\/?page_id=577"},"modified":"2022-11-19T15:19:51","modified_gmt":"2022-11-19T14:19:51","slug":"mapy-pruvodce-a-gpx-soubory","status":"publish","type":"page","link":"https:\/\/martinbitman.cz\/index.php\/mapy-pruvodce-a-gpx-soubory\/","title":{"rendered":"Mapy, pr\u016fvodce a GPX soubory"},"content":{"rendered":"\n<p style=\"font-size:14px\">Nejen cestovatel\u00e9 by si m\u011bli pom\u00e1hat. Dne\u0161n\u00ed konzum sice p\u0159edpokl\u00e1d\u00e1, \u017ee chcete na v\u0161em vyd\u011blat, ale j\u00e1 bych r\u00e1d pomohl dal\u0161\u00edm cestovatel\u016fm, tak jako jin\u00ed kdysi pomohli mn\u011b. Velice r\u00e1d v\u00e1m zap\u016fj\u010d\u00edm mapu \u010di pr\u016fvodce, kter\u00e9 mohou t\u0159eba b\u00fdt zaj\u00edmavou inspirac\u00ed pro va\u0161i pl\u00e1novanou cestu.<\/p>\n\n\n\n<div class=\"wp-block-buttons is-layout-flex wp-block-buttons-is-layout-flex\">\n<div class=\"wp-block-button\"><a class=\"wp-block-button__link wp-element-button\">Mapy<\/a><\/div>\n\n\n\n<div class=\"wp-block-button\"><a class=\"wp-block-button__link wp-element-button\">Pr\u016fvodce<\/a><\/div>\n\n\n\n<div class=\"wp-block-button\"><a class=\"wp-block-button__link wp-element-button\">Mobiln\u00ed mapov\u00e9 aplikace<\/a><\/div>\n\n\n\n<div class=\"wp-block-button\" id=\"GPX-SOUBORY\"><a class=\"wp-block-button__link wp-element-button\" rel=\"\">GPX soubory<\/a><\/div>\n\n\n\n<div class=\"wp-block-button\"><a class=\"wp-block-button__link wp-element-button\">Ostatn\u00ed<\/a><\/div>\n<\/div>\n\n\n\n<p class=\"has-medium-font-size\"><strong>MAPY<\/strong><\/p>\n\n\n\n<p style=\"font-size:14px\">Krom\u011b pap\u00edrov\u00fdch map pou\u017e\u00edv\u00e1m posledn\u00ed dobou i elektronick\u00e9 offline mapy.<\/p>\n\n\n\n<p style=\"font-size:14px\">Z aplikac\u00ed konkr\u00e9tn\u011b pak:<\/p>\n\n\n\n<ul class=\"wp-block-list\">\n<li><strong>Mapy.cz\u00a0<\/strong>&#8211; ud\u011blaly obrovsk\u00fd pokrok, offline mapy cel\u00e9ho sv\u011bta, bitmapov\u00e9 &#8211; zab\u00edraj\u00ed tedy hodn\u011b m\u00edsta &#8211; m\u00e9n\u011b popul\u00e1rn\u00ed destinaci a odlehl\u00e9 kon\u010diny nejsou zmapovan\u00e9<\/li>\n\n\n\n<li><strong>GuruMaps PRO\u00a0<\/strong>&#8211; vektorov\u00e9 mapy, \u0161et\u0159\u00ed pam\u011b\u0165, nejsou tak p\u0159ehledn\u00e9 a l\u00edbiv\u00e9, \u010dasto maj\u00ed zmapovan\u00e9 v\u011bt\u0161\u00ed oblasti, ne\u017e Mapy.cz<\/li>\n\n\n\n<li><strong>MotionX-GPS<\/strong>\u00a0&#8211; zat\u00edm pro m\u011b nep\u0159ekonateln\u00e1 aplikace co se t\u00fd\u010de z\u00e1znamu trasy a waypoint\u016f a jejich spr\u00e1vy. Nav\u00edc je mo\u017en\u00e9 st\u00e1hnout si offline mapu konkr\u00e9tn\u00ed oblasti dop\u0159edu. Bohu\u017eel od roku 2021 ji v\u00fdrobce p\u0159estal podporovat<\/li>\n<\/ul>\n\n\n\n<p class=\"has-medium-font-size\"><strong>GPX SOUBORY<\/strong><\/p>\n\n\n\n<p style=\"font-size:14px\">Pokud sh\u00e1n\u00edte GPS soubory k zaj\u00edmav\u00fdm trek\u016fm, napi\u0161te mi, r\u00e1d v\u00e1m je po\u0161lu. Chci v\u0161ak ke ka\u017ed\u00e9mu treku p\u0159idat bezpe\u010dnost\u00ed a praktick\u00e9 informace, proto tu nejsou rovnou ke sta\u017een\u00ed. N\u00e9 v\u0161echny treky jsou pro ka\u017ed\u00e9ho. Zejm\u00e9na Pam\u00edr a Kam\u010datka jsou opravdu \u017eivotu nebezpe\u010dn\u00e9 treky, kter\u00e9 by m\u011bli j\u00edt pouze ti zku\u0161en\u00ed.<\/p>\n\n\n\n<p style=\"font-size:14px\"><strong>Pam\u00edr<\/strong><\/p>\n\n\n\n<ul class=\"wp-block-list\">\n<li><strong>Sarez lake:\u00a0<\/strong>Trek z Bulunkulu p\u0159es Yashikul, Langar pass, a\u017e k Sarezsk\u00e9mu jezeru<\/li>\n\n\n\n<li>(d\u00e9lka 144km, 10-14dn\u00ed, 5000m p\u0159ev\u00fd\u0161en\u00ed), extr\u00e9mn\u011b n\u00e1ro\u010dn\u00fd trek.<\/li>\n\n\n\n<li><strong>Vrang pass trek:<\/strong>\u00a0Trek z Rohinavu (Pamir highway), p\u0159es sedlo Dusaghara pass do Rebotu, p\u0159es sedlo Vrang pass (5067 m n.m.) dol\u016f do Vrangu, na agh\u00e1nsko-t\u00e1d\u017eick\u00e9 hranice. 9dn\u00ed, 4500m p\u0159ev\u00fd\u0161en\u00ed, 100km, extr\u00e9mn\u011b n\u00e1ro\u010dn\u00fd trek.<\/li>\n\n\n\n<li><strong>Lazar pass trek:\u00a0\u00a0<\/strong>Trek z Ba\u010doru p\u0159es Zoro\u0161kul lake (4500mnm), Lazar pass (4800 m n.m.) do Bartangu.<\/li>\n\n\n\n<li><strong>Bartang valley :\u00a0<\/strong>T\u0159\u00eddenn\u00ed trek z Bopasoru k bezejmen\u00e9mu jezeru (4100 m n.m.)<\/li>\n\n\n\n<li><strong>Bassardara pass:\u00a0<\/strong>P\u0159echod z Alichuru, p\u0159es Basardara pass (4680 m n.m.) k \u0159ece Murghab<\/li>\n<\/ul>\n\n\n\n<ul class=\"wp-block-list\"><\/ul>\n\n\n\n<p style=\"font-size:14px\"><strong>Him\u00e1laje<\/strong><\/p>\n\n\n\n<ul class=\"wp-block-list\">\n<li><strong>Annapurna NP:\u00a0<\/strong>Klasick\u00fd ba\u0165\u016f\u017ek\u00e1\u0159sk\u00fd dostupn\u00fd trek kolem Annapuren p\u0159es Torungla pass (5417 m n.m.)\n<ul class=\"wp-block-list\"><\/ul>\n<\/li>\n<\/ul>\n\n\n\n<p style=\"font-size:14px\"><strong>Mongolsko<\/strong><\/p>\n\n\n\n<ul class=\"wp-block-list\">\n<li><strong>Altai NP:\u00a0<\/strong>Jednodenn\u00ed v\u00fdstup na Malchin peak (4081mnm)<\/li>\n<\/ul>\n\n\n\n<p style=\"font-size:14px\"><strong>Rusko<\/strong><\/p>\n\n\n\n<ul class=\"wp-block-list\">\n<li><strong>Klu\u010devskaya NP:\u00a0<\/strong>Trek divo\u010dinou mezi medv\u011bdy a kom\u00e1ry po Kam\u010datce, extr\u00e9mn\u011b n\u00e1ro\u010dn\u00fd trek.<\/li>\n\n\n\n<li><strong>Naly\u010devo NP:\u00a0<\/strong>\u010cty\u0159denn\u00ed, m\u00e9n\u011b n\u00e1ro\u010dn\u011bj\u0161\u00ed trek na Kam\u010datce (i zde jsou v\u0161ak medv\u011bdi)<\/li>\n\n\n\n<li><strong>Svatoy nos Peninsula:<\/strong>\u00a0Jednodenn\u00ed v\u00fdstup na nejvy\u0161\u0161\u00ed horu Bajkalu (1877 m n.m.)\n<ul class=\"wp-block-list\"><\/ul>\n<\/li>\n<\/ul>\n\n\n\n<p style=\"font-size:14px\"><strong>Kyrgyzst\u00e1n<\/strong><\/p>\n\n\n\n<ul class=\"wp-block-list\">\n<li><strong>Sary Mogol trek:<\/strong>\u00a0\u010cty\u0159denn\u00ed, celkem &#8222;pohodov\u00fd trek&#8220; nedaleko Oshe.\n<ul class=\"wp-block-list\"><\/ul>\n<\/li>\n<\/ul>\n\n\n\n<p style=\"font-size:14px\"><strong>P\u00e1kist\u00e1n<\/strong><\/p>\n\n\n\n<ul class=\"wp-block-list\">\n<li><strong>Naltar valley trek:\u00a0<\/strong>Trekov\u00e1n\u00ed v Naltar valley<\/li>\n\n\n\n<li><strong>Nanga Parbat B.C.:<\/strong>\u00a0Jednodenn\u00ed v\u00fdstup do z\u00e1kladn\u00edho t\u00e1bora Nanga Parbat B.C.<\/li>\n<\/ul>\n\n\n\n<p><strong>OSTATN\u00cd<\/strong><\/p>\n\n\n\n<ul class=\"wp-block-list\"><\/ul>\n\n\n\n<p style=\"font-size:14px\">Pokud sh\u00e1n\u00edte jin\u00e9 mapy \u010di informace, mohu doporu\u010dit n\u00e1sleduj\u00edc\u00ed odkazy:<\/p>\n\n\n\n<ul class=\"wp-block-list\">\n<li><strong><a href=\"https:\/\/www.mapykiwi.cz\">Mapy Kiwi<\/a><\/strong>\u00a0&#8211; obchod, kde najdete snad v\u0161echny existuj\u00edc\u00ed popul\u00e1rn\u00ed mapy a pr\u016fvodce z cel\u00e9ho sv\u011bta v nejr\u016fzn\u011bj\u0161\u00edch jazyc\u00edch<\/li>\n\n\n\n<li><a href=\"https:\/\/www.slavomirhorak.net\"><\/a><a href=\"https:\/\/www.slavomirhorak.net\/\" data-type=\"URL\" data-id=\"https:\/\/www.slavomirhorak.net\/\" target=\"_blank\" rel=\"noreferrer noopener\"><strong>Studna moudrosti o St\u0159edn\u00ed Asii<\/strong>\u00a0<\/a>&#8211; p. Slavom\u00edr Hor\u00e1k, n\u011bkolikr\u00e1t jsem vyu\u017eil jeho cen\u00e9 rady<\/li>\n<\/ul>\n","protected":false},"excerpt":{"rendered":"<p>Nejen cestovatel\u00e9 by si m\u011bli pom\u00e1hat. Dne\u0161n\u00ed konzum sice p\u0159edpokl\u00e1d\u00e1, \u017ee chcete na v\u0161em vyd\u011blat, ale j\u00e1 bych r\u00e1d pomohl dal\u0161\u00edm cestovatel\u016fm, tak jako jin\u00ed kdysi pomohli mn\u011b. Velice r\u00e1d v\u00e1m zap\u016fj\u010d\u00edm mapu \u010di pr\u016fvodce, kter\u00e9 mohou t\u0159eba b\u00fdt zaj\u00edmavou inspirac\u00ed pro va\u0161i pl\u00e1novanou cestu. MAPY Krom\u011b pap\u00edrov\u00fdch map pou\u017e\u00edv\u00e1m posledn\u00ed dobou i elektronick\u00e9 offline\n <a href=\"https:\/\/martinbitman.cz\/index.php\/mapy-pruvodce-a-gpx-soubory\/\" class=\"read-more inline\" title=\"Read More\">Read More<\/a><\/p>","protected":false},"author":1,"featured_media":0,"parent":0,"menu_order":0,"comment_status":"closed","ping_status":"closed","template":"","meta":{"_monsterinsights_skip_tracking":false,"_monsterinsights_sitenote_active":false,"_monsterinsights_sitenote_note":"","_monsterinsights_sitenote_category":0,"footnotes":""},"class_list":["post-577","page","type-page","status-publish","hentry"],"_links":{"self":[{"href":"https:\/\/martinbitman.cz\/index.php\/wp-json\/wp\/v2\/pages\/577","targetHints":{"allow":["GET"]}}],"collection":[{"href":"https:\/\/martinbitman.cz\/index.php\/wp-json\/wp\/v2\/pages"}],"about":[{"href":"https:\/\/martinbitman.cz\/index.php\/wp-json\/wp\/v2\/types\/page"}],"author":[{"embeddable":true,"href":"https:\/\/martinbitman.cz\/index.php\/wp-json\/wp\/v2\/users\/1"}],"replies":[{"embeddable":true,"href":"https:\/\/martinbitman.cz\/index.php\/wp-json\/wp\/v2\/comments?post=577"}],"version-history":[{"count":13,"href":"https:\/\/martinbitman.cz\/index.php\/wp-json\/wp\/v2\/pages\/577\/revisions"}],"predecessor-version":[{"id":647,"href":"https:\/\/martinbitman.cz\/index.php\/wp-json\/wp\/v2\/pages\/577\/revisions\/647"}],"wp:attachment":[{"href":"https:\/\/martinbitman.cz\/index.php\/wp-json\/wp\/v2\/media?parent=577"}],"curies":[{"name":"wp","href":"https:\/\/api.w.org\/{rel}","templated":true}]}}