{"id":575,"date":"2022-11-15T22:56:02","date_gmt":"2022-11-15T21:56:02","guid":{"rendered":"https:\/\/martinbitman.cz\/?page_id=575"},"modified":"2022-11-19T15:29:51","modified_gmt":"2022-11-19T14:29:51","slug":"viza-a-bezpecnostni-situace","status":"publish","type":"page","link":"https:\/\/martinbitman.cz\/index.php\/viza-a-bezpecnostni-situace\/","title":{"rendered":"V\u00edza a bezpe\u010dnostn\u00ed situace"},"content":{"rendered":"\n<p style=\"font-size:14px\">Za m\u00fdch patn\u00e1ct let cestov\u00e1n\u00ed se toho hodn\u011b zm\u011bnilo. Spousta st\u00e1tu zru\u0161ila v\u00edzovou povinnost nebo zjednodu\u0161ila \u017e\u00e1dost o ud\u011blen\u00ed v\u00edza.&nbsp;<strong>P\u0159ed cestou si v\u017edy ov\u011b\u0159te, jak je to se sou\u010dasnou v\u00edzovou a bezpe\u010dnost\u00ed situac\u00ed. Situace se \u010dasto m\u011bn\u00ed i n\u011bkolikr\u00e1t za rok.<\/strong> Osobn\u011b jsem v\u017edy za\u0159izoval v\u00edza s\u00e1m. Je to levn\u011bj\u0161\u00ed a z ud\u011blen\u00e9ho v\u00edza m\u00e1te je\u0161t\u011b v\u011bt\u0161\u00ed radost :-). N\u00ed\u017ee uv\u00e1d\u00edm informace k jednotliv\u00fdm zem\u00edm. Pokud to bude aktu\u00e1ln\u00ed, p\u0159id\u00e1m postupn\u011b dal\u0161\u00ed st\u00e1ty.<\/p>\n\n\n\n<p style=\"font-size:14px\">P\u0159i cestov\u00e1n\u00ed do m\u00e9n\u011b bezpe\u010dn\u00fdch zem\u00ed vyu\u017eijte&nbsp;<a href=\"https:\/\/drozd.mzv.cz\">DROZD<\/a>&nbsp;&#8211; Projekt Dobrovoln\u00e9 registrace ob\u010dan\u016f \u010cesk\u00e9 republiky p\u0159i cest\u00e1ch do zahrani\u010d\u00ed (DROZD) umo\u017e\u0148uje \u00fa\u010dinn\u011b organizovat pomoc \u010desk\u00fdm ob\u010dan\u016fm, kte\u0159\u00ed poskytnou na dobrovoln\u00e9m z\u00e1klad\u011b informace o sv\u00e9m pl\u00e1novan\u00e9m pobytu v zahrani\u010d\u00ed<\/p>\n\n\n\n<p style=\"font-size:14px\">Dal\u0161\u00edmi u\u017eite\u010dn\u011bj\u0161\u00edmi str\u00e1nkami jsou:<\/p>\n\n\n\n<ul class=\"wp-block-list\">\n<li><strong><a href=\"http:\/\/www.mzv.cz\" target=\"_blank\" rel=\"noreferrer noopener\">http:\/\/www.mzv.cz<\/a><\/strong><\/li>\n\n\n\n<li><strong><a href=\"https:\/\/www.zirhamia.cz\" target=\"_blank\" rel=\"noreferrer noopener\">https:\/\/www.zirhamia.cz<\/a><\/strong><\/li>\n\n\n\n<li><strong><a href=\"https:\/\/www.slavomirhorak.net\" target=\"_blank\" rel=\"noreferrer noopener\">https:\/\/www.slavomirhorak.net<\/a><\/strong>\n<ul class=\"wp-block-list\"><\/ul>\n<\/li>\n<\/ul>\n\n\n\n<p class=\"has-medium-font-size\"><strong>AFGH\u00c1NIST\u00c1N<\/strong><\/p>\n\n\n\n<ul class=\"wp-block-list\"><\/ul>\n\n\n\n<p style=\"font-size:14px\"><strong>Aktualizace: \u010derven 2019<\/strong><\/p>\n\n\n\n<p style=\"font-size:14px\">Cena 80EUR. SItuace se neust\u00e1le m\u011bn\u00ed (v roce 2018 mi vydali v\u00edzum bez men\u0161\u00edch ot\u00e1zek b\u011bhem t\u0159\u00ed dn\u016f). Nyn\u00ed po\u017eaduj\u00ed harmonogram, trekking permit a bez cestovky to je de facto nemo\u017en\u00e9. Z\u00e1lo\u017en\u00ed varianta &#8211; po\u017e\u00e1d\u00e1n\u00ed o v\u00edzum v Khoroghu (T\u00e1d\u017eikist\u00e1n) se zm\u011bnila. V Khoroghu ji\u017e nedostanete v\u00edzum na cel\u00fd Agfh\u00e1nist\u00e1n, ale pouze na bezpe\u010dnou \u010d\u00e1st Wakh\u00e1nsk\u00e9ho koridoru, tj. pust\u00ed v\u00e1s maxim\u00e1ln\u011b cca 100km v\u00fdchodn\u011b od Iska\u0161imu. Cena je nav\u00edc z\u00e1vratn\u00e1 (150USD pro &#8222;neameri\u010dany&#8220; za osobu plus p\u0159edlo\u017een\u00ed dvoustupov\u00e9ho v\u00edza do T\u00e1d\u017eikist\u00e1nu).<\/p>\n\n\n\n<p style=\"font-size:14px\">O v\u00edzum lze po\u017e\u00e1dat na: <\/p>\n\n\n\n<ul class=\"wp-block-list\">\n<li>Komornick\u00e1 1852\/25<\/li>\n\n\n\n<li>160 00 Praha 6 &#8211; Dejvice<\/li>\n\n\n\n<li>Telefon 233 544 228<\/li>\n\n\n\n<li>E-mail afg.prague@centrum.cz<\/li>\n\n\n\n<li>Vedouc\u00ed \u00fa\u0159adu J.E. p. Ziauddin MOJADEDI<\/li>\n\n\n\n<li>Provozn\u00ed hodiny \u00fa\u0159adu 10.00 &#8211; 16.00 \/Po-P\u00e1\/\n<ul class=\"wp-block-list\"><\/ul>\n<\/li>\n<\/ul>\n\n\n\n<p class=\"has-medium-font-size\"><strong>KAZACHST\u00c1N<\/strong><\/p>\n\n\n\n<p style=\"font-size:14px\"><strong>Aktualizace: \u010derven 2019<\/strong><\/p>\n\n\n\n<p style=\"font-size:14px\">Zru\u0161il v\u00edzovou povinnost pro ob\u010dany \u010cR p\u0159i turistick\u00e9 cest\u011b do 30 dn\u00ed<\/p>\n\n\n\n<p class=\"has-medium-font-size\"><strong>KYRGYZST\u00c1N<\/strong><\/p>\n\n\n\n<p style=\"font-size:14px\"><strong>Aktualizace: \u010derven 2019<\/strong><\/p>\n\n\n\n<p style=\"font-size:14px\">Zru\u0161il v\u00edzovou povinnost pro ob\u010dany \u010cR p\u0159i turistick\u00e9 cest\u011b do 60 dn\u00ed.<\/p>\n\n\n\n<p style=\"font-size:14px\">!!! p\u0159i pl\u00e1novan\u00fdch trec\u00edch do v\u00fdchodn\u00ed \u010d\u00e1sti Kyrgyzst\u00e1nu &#8211; p\u0159i samotn\u00e9 hranici s \u010c\u00ednou &#8211; se vy\u017eaduje speci\u00e1ln\u00ed trekov\u00e9 povolen\u00ed<\/p>\n\n\n\n<p class=\"has-medium-font-size\"><strong>P\u00c1KIST\u00c1N<\/strong><\/p>\n\n\n\n<p style=\"font-size:14px\"><strong>Aktualizace: \u010derven 2019<\/strong><\/p>\n\n\n\n<p style=\"font-size:14px\">O V\u00edzum lze nov\u011b po\u017e\u00e1dat online! Pozor, na \u017e\u00e1dosti to nen\u00ed z\u0159eteln\u00e9. Do P\u00e1kist\u00e1nu mus\u00edte vstoupit kdykoliv b\u011bhem platnosti v\u00edza a n\u00e1sledn\u011b tu m\u016f\u017eete z\u016fstat 30 dn\u00ed od vstupu. \u017d\u00e1dost o v\u00edzum:\u00a0<a href=\"https:\/\/visa.nadra.gov.pk\">https:\/\/visa.nadra.gov.pk<\/a> Bezpe\u010dnost\u00ed situace: Dle m\u00edstn\u00edch obyvatel se nedoporu\u010duje jezdit do oblasti Balu\u010dist\u00e1nu. Ostatn\u00ed oblasti z\u016fst\u00e1vaj\u00ed celkem klidn\u00e9. Aktu\u00e1ln\u00ed informace na www.mzv.cz berte s rezervou.<\/p>\n\n\n\n<p class=\"has-medium-font-size\"><strong>T\u00c1D\u017dIKIST\u00c1N<\/strong><\/p>\n\n\n\n<p style=\"font-size:14px\"><strong>Aktualizace: \u010derven 2019<\/strong><\/p>\n\n\n\n<p style=\"font-size:14px\">Ud\u011blal za posledn\u00ed roky obrovsk\u00fd posun. Cestovatel\u016f tu ka\u017ed\u00fdm rokem p\u0159ib\u00fdv\u00e1, mo\u017en\u00e1 i d\u00edky snadn\u00e9mu zp\u016fsobu ud\u011blen\u00ed v\u00edza. \u017d\u00e1dost <a href=\"https:\/\/www.evisa.tj\/index.evisa.html\" data-type=\"URL\" data-id=\"https:\/\/www.evisa.tj\/index.evisa.html\" target=\"_blank\" rel=\"noreferrer noopener\">Aplikace online<\/a>, platnost 45 dn\u00ed. P\u0159i pl\u00e1novan\u00e9 cest\u011b do v\u00fdchodn\u00ed \u010d\u00e1st\u00ed T\u00e1d\u017eikist\u00e1nu (Pam\u00edr), nezapome\u0148te v \u017e\u00e1dosti za\u0161krtnout povolen\u00ed GBAO,<\/p>\n","protected":false},"excerpt":{"rendered":"<p>Za m\u00fdch patn\u00e1ct let cestov\u00e1n\u00ed se toho hodn\u011b zm\u011bnilo. Spousta st\u00e1tu zru\u0161ila v\u00edzovou povinnost nebo zjednodu\u0161ila \u017e\u00e1dost o ud\u011blen\u00ed v\u00edza.&nbsp;P\u0159ed cestou si v\u017edy ov\u011b\u0159te, jak je to se sou\u010dasnou v\u00edzovou a bezpe\u010dnost\u00ed situac\u00ed. Situace se \u010dasto m\u011bn\u00ed i n\u011bkolikr\u00e1t za rok. Osobn\u011b jsem v\u017edy za\u0159izoval v\u00edza s\u00e1m. Je to levn\u011bj\u0161\u00ed a z ud\u011blen\u00e9ho v\u00edza m\u00e1te\n <a href=\"https:\/\/martinbitman.cz\/index.php\/viza-a-bezpecnostni-situace\/\" class=\"read-more inline\" title=\"Read More\">Read More<\/a><\/p>","protected":false},"author":1,"featured_media":0,"parent":0,"menu_order":0,"comment_status":"closed","ping_status":"closed","template":"","meta":{"_monsterinsights_skip_tracking":false,"_monsterinsights_sitenote_active":false,"_monsterinsights_sitenote_note":"","_monsterinsights_sitenote_category":0,"footnotes":""},"class_list":["post-575","page","type-page","status-publish","hentry"],"_links":{"self":[{"href":"https:\/\/martinbitman.cz\/index.php\/wp-json\/wp\/v2\/pages\/575","targetHints":{"allow":["GET"]}}],"collection":[{"href":"https:\/\/martinbitman.cz\/index.php\/wp-json\/wp\/v2\/pages"}],"about":[{"href":"https:\/\/martinbitman.cz\/index.php\/wp-json\/wp\/v2\/types\/page"}],"author":[{"embeddable":true,"href":"https:\/\/martinbitman.cz\/index.php\/wp-json\/wp\/v2\/users\/1"}],"replies":[{"embeddable":true,"href":"https:\/\/martinbitman.cz\/index.php\/wp-json\/wp\/v2\/comments?post=575"}],"version-history":[{"count":8,"href":"https:\/\/martinbitman.cz\/index.php\/wp-json\/wp\/v2\/pages\/575\/revisions"}],"predecessor-version":[{"id":652,"href":"https:\/\/martinbitman.cz\/index.php\/wp-json\/wp\/v2\/pages\/575\/revisions\/652"}],"wp:attachment":[{"href":"https:\/\/martinbitman.cz\/index.php\/wp-json\/wp\/v2\/media?parent=575"}],"curies":[{"name":"wp","href":"https:\/\/api.w.org\/{rel}","templated":true}]}}