{"id":572,"date":"2022-11-15T22:54:03","date_gmt":"2022-11-15T21:54:03","guid":{"rendered":"https:\/\/martinbitman.cz\/?page_id=572"},"modified":"2023-10-29T09:51:09","modified_gmt":"2023-10-29T08:51:09","slug":"ockovani-a-zdravi","status":"publish","type":"page","link":"https:\/\/martinbitman.cz\/index.php\/ockovani-a-zdravi\/","title":{"rendered":"O\u010dkov\u00e1n\u00ed a zdrav\u00ed"},"content":{"rendered":"\n<p style=\"font-size:14px\"><strong>Ve\u0161ker\u00e9 doporu\u010den\u00ed vych\u00e1zej\u00ed z m\u00fdch zku\u0161enost\u00ed.<\/strong> <strong>V\u017edy je t\u0159eba se poradit s va\u0161im o\u0161et\u0159uj\u00edc\u00edm l\u00e9ka\u0159em!<\/strong> <strong>Pro aktu\u00e1ln\u00ed informace odkazuji na mnohon\u00e1sobn\u011b prov\u011b\u0159en\u00e9 o\u010dkovac\u00ed centrum <a href=\"https:\/\/www.ockovacicentrum.cz\/\">AVENIER<\/a>. Nejen\u017ee popisuje jednotliv\u00e9 nemoci, ale uv\u00e1d\u00ed i o\u010dkov\u00e1n\u00ed podle c\u00edlov\u00e9 destinace.<\/strong><\/p>\n\n\n\n<p style=\"font-size:14px\">Nepodce\u0148ujte o\u010dkov\u00e1n\u00ed. V\u00e1\u0161 imunitn\u00ed syst\u00e9m je sice p\u0159izp\u016fsoben\u00fd na evropsk\u00e9 nemoci, ale mimoevropsk\u00e9 &#8222;bakterie a viry&#8220; jsou pro n\u011bj ciz\u00ed. Nen\u00ed nic hor\u0161\u00edho, ne\u017e si p\u0159iv\u00e9zt se skv\u011bl\u00fdmi z\u00e1\u017eitky i &#8222;ne\u017e\u00e1douc\u00ed suven\u00fdr. &#8222;<\/p>\n\n\n\n<p style=\"font-size:14px\"><strong>Doporu\u010dovan\u00e9 o\u010dkovac\u00ed centra:<\/strong><\/p>\n\n\n\n<ul class=\"wp-block-list\">\n<li><a href=\"http:\/\/www.vakciny.net\/\">http:\/\/www.vakciny.net\/<\/a><\/li>\n\n\n\n<li><a href=\"http:\/\/www.avenier.cz\/cz\">http:\/\/www.avenier.cz\/cz<\/a><\/li>\n\n\n\n<li><a href=\"http:\/\/www.ockovani-zahranici.cz\/\">http:\/\/www.ockovani-zahranici.cz\/<\/a><\/li>\n<\/ul>\n\n\n\n<p style=\"font-size:14px\">V\u0161echna centra jsou obdobn\u00e1 a z\u00e1le\u017e\u00ed jen na va\u0161em trval\u00e9m bydli\u0161ti, osobn\u00edch preferenc\u00edch a zdravotn\u00ed poji\u0161\u0165ovn\u011b. (N\u011bkter\u00e9 poji\u0161\u0165ovny poskytuj\u00ed zaj\u00edmav\u00e9 slevy na cestovn\u00ed i standardn\u00ed o\u010dkov\u00e1n\u00ed). I kdy\u017e nejste l\u00e9ka\u0159i, zdravotn\u00ed sestry nebo z\u00e1chran\u00e1\u0159i, vezm\u011bte si s sebou dob\u0159e vybavenou a aktualizovanou&nbsp;<a href=\"https:\/\/martinbitman.cz\/index.php\/lekarnicka\/\" data-type=\"page\" data-id=\"537\">l\u00e9karni\u010dku<\/a>. Doporu\u010duji si p\u0159i dal\u0161\u00ed n\u00e1v\u0161t\u011bv\u011b o\u010dkovac\u00edho centra nechat z\u0159\u00eddit mezin\u00e1rodn\u00ed o\u010dkovac\u00ed pr\u016fkaz.<\/p>\n\n\n\n<p style=\"font-size:14px\">Z\u00e1kladem by v\u017edy m\u011blo b\u00fdt aktualizovan\u00e9 d\u011btsk\u00e9 o\u010dkov\u00e1n\u00ed (TBC, tetanus, d\u011btsk\u00e1 obrna&#8230;) d\u00e1le o\u010dkov\u00e1n\u00ed proti \u017eloutence A (B) a b\u0159i\u0161n\u00ed tyfus.. J\u00e1 osobn\u011b mimo jin\u00e9 m\u00e1m aplikovan\u00e9 i o\u010dkov\u00e1n\u00ed proti vzteklin\u011b. Antimalarika jsem v asijsk\u00fdch zem\u00ed nikdy nepou\u017e\u00edval. Co se zdrav\u00ed t\u00fd\u010de, prod\u011blal jsem na cest\u00e1ch b\u011b\u017en\u00e9 cestovatelsk\u00e9 pr\u016fjmy i t\u011b\u017ek\u00e9 st\u0159evn\u00ed infekce, choleru, hemoragickou formu hore\u010dky dengue nebo se pot\u00fdkal s b\u011b\u017enou vir\u00f3zou \u010di v\u011bt\u0161\u00edm i men\u0161\u00edm poran\u011bn\u00edm. Pokud chcete sly\u0161et n\u011bjak\u00e9 z\u00e1\u017eitky a dojmy z &#8222;prvn\u00ed ruky&#8220;, nev\u00e1hejte se na m\u011b obr\u00e1tit.<\/p>\n","protected":false},"excerpt":{"rendered":"<p>Ve\u0161ker\u00e9 doporu\u010den\u00ed vych\u00e1zej\u00ed z m\u00fdch zku\u0161enost\u00ed. V\u017edy je t\u0159eba se poradit s va\u0161im o\u0161et\u0159uj\u00edc\u00edm l\u00e9ka\u0159em! Pro aktu\u00e1ln\u00ed informace odkazuji na mnohon\u00e1sobn\u011b prov\u011b\u0159en\u00e9 o\u010dkovac\u00ed centrum AVENIER. Nejen\u017ee popisuje jednotliv\u00e9 nemoci, ale uv\u00e1d\u00ed i o\u010dkov\u00e1n\u00ed podle c\u00edlov\u00e9 destinace. Nepodce\u0148ujte o\u010dkov\u00e1n\u00ed. V\u00e1\u0161 imunitn\u00ed syst\u00e9m je sice p\u0159izp\u016fsoben\u00fd na evropsk\u00e9 nemoci, ale mimoevropsk\u00e9 &#8222;bakterie a viry&#8220; jsou pro n\u011bj\n <a href=\"https:\/\/martinbitman.cz\/index.php\/ockovani-a-zdravi\/\" class=\"read-more inline\" title=\"Read More\">Read More<\/a><\/p>","protected":false},"author":1,"featured_media":0,"parent":0,"menu_order":0,"comment_status":"closed","ping_status":"closed","template":"","meta":{"_monsterinsights_skip_tracking":false,"_monsterinsights_sitenote_active":false,"_monsterinsights_sitenote_note":"","_monsterinsights_sitenote_category":0,"footnotes":""},"class_list":["post-572","page","type-page","status-publish","hentry"],"_links":{"self":[{"href":"https:\/\/martinbitman.cz\/index.php\/wp-json\/wp\/v2\/pages\/572","targetHints":{"allow":["GET"]}}],"collection":[{"href":"https:\/\/martinbitman.cz\/index.php\/wp-json\/wp\/v2\/pages"}],"about":[{"href":"https:\/\/martinbitman.cz\/index.php\/wp-json\/wp\/v2\/types\/page"}],"author":[{"embeddable":true,"href":"https:\/\/martinbitman.cz\/index.php\/wp-json\/wp\/v2\/users\/1"}],"replies":[{"embeddable":true,"href":"https:\/\/martinbitman.cz\/index.php\/wp-json\/wp\/v2\/comments?post=572"}],"version-history":[{"count":5,"href":"https:\/\/martinbitman.cz\/index.php\/wp-json\/wp\/v2\/pages\/572\/revisions"}],"predecessor-version":[{"id":1115,"href":"https:\/\/martinbitman.cz\/index.php\/wp-json\/wp\/v2\/pages\/572\/revisions\/1115"}],"wp:attachment":[{"href":"https:\/\/martinbitman.cz\/index.php\/wp-json\/wp\/v2\/media?parent=572"}],"curies":[{"name":"wp","href":"https:\/\/api.w.org\/{rel}","templated":true}]}}