{"id":537,"date":"2022-11-15T21:59:42","date_gmt":"2022-11-15T20:59:42","guid":{"rendered":"https:\/\/martinbitman.cz\/?page_id=537"},"modified":"2023-10-29T09:47:06","modified_gmt":"2023-10-29T08:47:06","slug":"lekarnicka","status":"publish","type":"page","link":"https:\/\/martinbitman.cz\/index.php\/lekarnicka\/","title":{"rendered":"L\u00e9k\u00e1rni\u010dka"},"content":{"rendered":"\n<p style=\"font-size:14px\">M\u011bjte ji v\u017edy po ruce. Nikdy nev\u00edte, kdy ji budete pot\u0159ebovat. Nepodce\u0148ujte ani n\u011bkolika hodinov\u00e9 v\u00fdlety kolem stanu, hotelu, auta apod. Samoz\u0159ejmost\u00ed je l\u00e9k\u00e1rni\u010dku nejen m\u00edt s sebou, ale um\u011bt ji i pou\u017e\u00edvat. M\u011bjte s sebou i p\u0159\u00edbalov\u00e9 let\u00e1ky (t\u0159eba v elektronick\u00e9 form\u011b) pro v\u00e1s i pro p\u0159\u00edpadnou hrani\u010dn\u00ed kontrolu. Pokud jedete n\u011bkam do civilizace, hodn\u011b v\u011bci dokoup\u00edte na m\u00edst\u011b. Zejm\u00e9na l\u00e9ky b\u00fdvaj\u00ed levn\u011bj\u0161\u00ed, dostupn\u011bj\u0161\u00ed (nap\u0159. bez receptu i v obchod\u011b), a m\u00edstn\u00ed s nimi m\u00edvaj\u00ed v\u011bt\u0161\u00ed zku\u0161enosti (dengue, mal\u00e1rie &#8230;). Naopak modern\u00ed vychyt\u00e1vky typu tk\u00e1\u0148ov\u00e9 lepidlo, Inadine, Omnistripy apod. budete sh\u00e1n\u011bt obt\u00ed\u017en\u011b. Mno\u017estv\u00ed neuv\u00e1d\u00edm, je t\u0159eba p\u0159izp\u016fsobit d\u00e9lce a dan\u00e9 cest\u011b.<\/p>\n\n\n\n<p style=\"font-size:14px\"><strong>POZOR : Ov\u011b\u0159te si, zda p\u0159\u00edpadn\u00fd n\u011bjak\u00fd specifick\u00fd l\u00e9k je v dan\u00e9m st\u00e1tu povolen a nen\u00ed na seznamu zak\u00e1zan\u00fdch l\u00e1tek. Pokud u\u017e\u00edv\u00e1te n\u011bco, co nen\u00ed \u00fapln\u011b b\u011b\u017en\u00e9, pora\u010fte se s l\u00e9ka\u0159em, p\u0159\u00edpadn\u011b si nechte napsat potvrzen\u00ed (samoz\u0159ejm\u011b v angli\u010dtin\u011b). V nejkrajn\u011bj\u0161\u00edm p\u0159\u00edpad\u011b by v\u00e1s mohli zav\u0159\u00edt a popotahovat za va\u0161e p\u0159ev\u00e1\u017een\u00e9 l\u00e9ky. Pochopiteln\u011b ve\u0161ker\u00e9 u\u017e\u00edv\u00e1n\u00ed l\u00e9k\u016f je zcela na va\u0161em l\u00e9ka\u0159i.<\/strong><\/p>\n\n\n\n<p style=\"font-size:14px\"><strong>Prvn\u00ed pomoc<\/strong><\/p>\n\n\n\n<ul class=\"wp-block-list\">\n<li>Betadine (desinfekce)<\/li>\n\n\n\n<li>Cosmopor (kryt\u00ed) &#8211; r\u016fzn\u00e9 velikosti<\/li>\n\n\n\n<li>Inadine (m\u0159\u00ed\u017eka ur\u010den\u00e1 k hojen\u00ed drobn\u00fdch pop\u00e1lenin a traumatick\u00fdch ran)<\/li>\n\n\n\n<li>Jednor\u00e1zov\u00e9 \u0161it\u00ed<\/li>\n\n\n\n<li>L\u00e9ka\u0159sk\u00e1 n\u00e1plast<\/li>\n\n\n\n<li>N\u016f\u017eky<\/li>\n\n\n\n<li>Obinadlo<\/li>\n\n\n\n<li>Obvaz<\/li>\n\n\n\n<li>Omnistrip &#8211; prou\u017eky na st\u00e1hnut\u00ed r\u00e1ny (alternativa k \u0161it\u00ed)<\/li>\n\n\n\n<li>Pean<\/li>\n\n\n\n<li>Pinzeta<\/li>\n\n\n\n<li>Skalpel<\/li>\n\n\n\n<li>Steriln\u00ed jednor\u00e1zov\u00e1 g\u00e1za<\/li>\n\n\n\n<li>Steriln\u00ed jednor\u00e1zov\u00e9 rukavice<\/li>\n\n\n\n<li>Steriln\u00ed jehly (hod\u00ed se i na propichov\u00e1n\u00ed abces\u016f a jin\u00fdch v\u011bc\u00ed, kde je t\u0159eba sterilita)<\/li>\n\n\n\n<li>Steriln\u00a0st\u0159\u00edka\u010dky (vhodn\u00e9 m\u00edt s sebou v pochybn\u00fdch nemocnic\u00edch)<\/li>\n\n\n\n<li>Sv\u00edt\u00edc\u00ed ty\u010dinka (nouzov\u00e9 sv\u011btlo)<\/li>\n\n\n\n<li>\u0160krtidlo<\/li>\n\n\n\n<li>Termofolie (proti prochladnut\u00ed, izolace)<\/li>\n\n\n\n<li>Tk\u00e1\u0148ov\u00e9 lepidlo<\/li>\n<\/ul>\n\n\n\n<p style=\"font-size:16px\"><strong>Nachlazen\u00ed a bolest<\/strong><\/p>\n\n\n\n<ul class=\"wp-block-list\">\n<li>Acylpyrin (nachlazen\u00ed a bolest)<\/li>\n\n\n\n<li>Apo\u2013ibuprofen<\/li>\n\n\n\n<li>Novalgin (velk\u00e1 bolest)<\/li>\n\n\n\n<li>Paralen<\/li>\n<\/ul>\n\n\n\n<p style=\"font-size:14px\"><strong>V\u00e1\u017en\u011bj\u0161\u00ed<\/strong><\/p>\n\n\n\n<ul class=\"wp-block-list\">\n<li>Augmentin (\u0161irokospekr\u00e1ln\u00ed ATB)<\/li>\n\n\n\n<li>Malarone\/Lariam (antimalarikum)<\/li>\n\n\n\n<li>Sumamed (infekce d\u00fdchac\u00edch cest, k\u016f\u017ee, tr\u00e1vic\u00ed soustavy)<\/li>\n<\/ul>\n\n\n\n<p style=\"font-size:14px\"><strong>B\u0159icho<\/strong><\/p>\n\n\n\n<ul class=\"wp-block-list\">\n<li>Ercefuryl (na pr\u016fjmy, lep\u0161\u00ed ne\u017e Endiaron)<\/li>\n\n\n\n<li>Smecta (na k\u0159e\u010de)<\/li>\n\n\n\n<li>\u017divo\u010di\u0161n\u00e9 uhl\u00ed (na st\u0159eva a pr\u016fjmy)<\/li>\n<\/ul>\n\n\n\n<p style=\"font-size:14px\"><strong>Masti<\/strong><\/p>\n\n\n\n<ul class=\"wp-block-list\">\n<li>Calcium cream (hojen\u00ed nebo obnovy poran\u011bn\u00e9 k\u016f\u017ee nebo sliznice)<\/li>\n\n\n\n<li>Framykoin (mast s ATB)<\/li>\n\n\n\n<li>Opalovac\u00ed kr\u00e9m (UV aspo\u0148 50 &#8211; do vysok\u00fdch nadmo\u0159\u0161k\u00fdch v\u00fd\u0161ek)<\/li>\n\n\n\n<li>Tyg\u0159\u00ed mast (regenerace sval\u016f, alternativa kafrov\u00e1 mast)<\/li>\n\n\n\n<li>Voltaren (na bolest sval\u016f)<\/li>\n<\/ul>\n\n\n\n<p style=\"font-size:14px\"><strong>Ostatn\u00ed<\/strong><\/p>\n\n\n\n<ul class=\"wp-block-list\">\n<li>Diamox (AHN)<\/li>\n\n\n\n<li>Neurol\/Lexaurin &#8211; pro p\u0159\u00edpad, \u017ee se na cest\u00e1ch psychicky slo\u017e\u00edte<\/li>\n\n\n\n<li>Oftalmoseptonex &#8211; kapky do o\u010d\u00ed<\/li>\n\n\n\n<li>Teplom\u011br\n<ul class=\"wp-block-list\">\n<li><\/li>\n<\/ul>\n<\/li>\n<\/ul>\n\n\n\n<p style=\"font-size:14px\"><strong>Alergie<\/strong><\/p>\n\n\n\n<ul class=\"wp-block-list\">\n<li>Zodac\/Claritine<\/li>\n<\/ul>\n","protected":false},"excerpt":{"rendered":"<p>M\u011bjte ji v\u017edy po ruce. Nikdy nev\u00edte, kdy ji budete pot\u0159ebovat. Nepodce\u0148ujte ani n\u011bkolika hodinov\u00e9 v\u00fdlety kolem stanu, hotelu, auta apod. Samoz\u0159ejmost\u00ed je l\u00e9k\u00e1rni\u010dku nejen m\u00edt s sebou, ale um\u011bt ji i pou\u017e\u00edvat. M\u011bjte s sebou i p\u0159\u00edbalov\u00e9 let\u00e1ky (t\u0159eba v elektronick\u00e9 form\u011b) pro v\u00e1s i pro p\u0159\u00edpadnou hrani\u010dn\u00ed kontrolu. Pokud jedete n\u011bkam do civilizace,\n <a href=\"https:\/\/martinbitman.cz\/index.php\/lekarnicka\/\" class=\"read-more inline\" title=\"Read More\">Read More<\/a><\/p>","protected":false},"author":1,"featured_media":0,"parent":0,"menu_order":0,"comment_status":"closed","ping_status":"closed","template":"","meta":{"_monsterinsights_skip_tracking":false,"_monsterinsights_sitenote_active":false,"_monsterinsights_sitenote_note":"","_monsterinsights_sitenote_category":0,"footnotes":""},"class_list":["post-537","page","type-page","status-publish","hentry"],"_links":{"self":[{"href":"https:\/\/martinbitman.cz\/index.php\/wp-json\/wp\/v2\/pages\/537","targetHints":{"allow":["GET"]}}],"collection":[{"href":"https:\/\/martinbitman.cz\/index.php\/wp-json\/wp\/v2\/pages"}],"about":[{"href":"https:\/\/martinbitman.cz\/index.php\/wp-json\/wp\/v2\/types\/page"}],"author":[{"embeddable":true,"href":"https:\/\/martinbitman.cz\/index.php\/wp-json\/wp\/v2\/users\/1"}],"replies":[{"embeddable":true,"href":"https:\/\/martinbitman.cz\/index.php\/wp-json\/wp\/v2\/comments?post=537"}],"version-history":[{"count":5,"href":"https:\/\/martinbitman.cz\/index.php\/wp-json\/wp\/v2\/pages\/537\/revisions"}],"predecessor-version":[{"id":1114,"href":"https:\/\/martinbitman.cz\/index.php\/wp-json\/wp\/v2\/pages\/537\/revisions\/1114"}],"wp:attachment":[{"href":"https:\/\/martinbitman.cz\/index.php\/wp-json\/wp\/v2\/media?parent=537"}],"curies":[{"name":"wp","href":"https:\/\/api.w.org\/{rel}","templated":true}]}}