{"id":525,"date":"2022-11-15T21:42:56","date_gmt":"2022-11-15T20:42:56","guid":{"rendered":"https:\/\/martinbitman.cz\/?page_id=525"},"modified":"2023-10-29T09:45:32","modified_gmt":"2023-10-29T08:45:32","slug":"vybaveni","status":"publish","type":"page","link":"https:\/\/martinbitman.cz\/index.php\/vybaveni\/","title":{"rendered":"Vybaven\u00ed"},"content":{"rendered":"\n<p style=\"font-size:14px\">\u0160est m\u011bs\u00edc\u016f nebo p\u00e1r t\u00fddnu? Zas takov\u00fd rozd\u00edl to nen\u00ed. M\u00e9 odzkou\u0161en\u00e9 a doporu\u010den\u00e9 vybaven\u00ed bat\u016f\u017ek\u00e1\u0159\u016fm, cestovatel\u016fm i treka\u0159\u016fm. Pro inspiraci p\u0159id\u00e1v\u00e1m odkazy na konkr\u00e9tn\u00ed vybaven\u00ed. Takov\u00e9 v\u011bci jsou z\u00e1kladem va\u0161eho vybaven\u00ed a je t\u0159eba m\u00edt kvalitn\u011bj\u0161\u00ed, aby d\u00e9le vydr\u017eely.&nbsp;Tam, kde odkaz neuv\u00e1d\u00edm, je to obecn\u00e1 polo\u017eka a je zcela jedno, zda m\u00e1te zapalova\u010d \u010di l\u017e\u00edci takovou, \u010di makovou :-).&nbsp;Ceny berte s rezervou. Dost \u010dasto jsem je kupoval ve slev\u011b, nebo p\u0159es n\u011bkoho zn\u00e1m\u00e9ho. B\u011b\u017en\u00e9 ceny bych si nemohl dovolit.&nbsp;Jedn\u00e1 se o doporu\u010den\u00e9 vybaven\u00ed cestovatel\u016fm, kte\u0159\u00ed d\u00e1vaj\u00ed p\u0159ednost krosn\u011b, svobod\u011b a nez\u00e1vislosti, p\u0159ed hostelem a vozidlem.<\/p>\n\n\n\n<ul class=\"wp-block-list\">\n<li><\/li>\n<\/ul>\n\n\n\n<p style=\"font-size:14px\"><strong>Dokumenty<\/strong><\/p>\n\n\n\n<ul class=\"wp-block-list\">\n<li><a href=\"https:\/\/www.fio.cz\">Kreditn\u00ed karta<\/a><\/li>\n\n\n\n<li><a href=\"https:\/\/www.fio.cz\">Debitn\u00ed karta<\/a><\/li>\n\n\n\n<li><a href=\"https:\/\/www.exchange.cz\">Pen\u00edze<\/a>&nbsp;&#8211; ide\u00e1ln\u011b USD &#8211; vym\u011bn\u00edte je t\u00e9m\u011b\u0159 v\u0161ude, v hotovosti voz\u00edm max. 800-1000 USD<\/li>\n\n\n\n<li><a href=\"https:\/\/www.axa.cz\">Karti\u010dka a smouva cestovn\u00edho poji\u0161t\u011bn\u00ed<\/a><\/li>\n\n\n\n<li>Karti\u010dka krevn\u00ed skupiny<\/li>\n\n\n\n<li><a href=\"https:\/\/www.ockovacicentrum.cz\/cz\/mezinarodni-ockovaci-prukaz\">Mezin\u00e1rodn\u00ed o\u010dkovac\u00ed pr\u016fkaz<\/a><\/li>\n\n\n\n<li>Cestovn\u00ed pas s biometrick\u00fdmi \u00fadaji<\/li>\n\n\n\n<li>Barevn\u00e9 kopie pasu &#8211; pot\u0159ebujete na nejr\u016fzn\u011bj\u0161\u00ed povolen\u00ed, hostely, hrani\u010dn\u00ed kontroly apod.<\/li>\n\n\n\n<li>Pasov\u00e9 fotografie &#8211; n\u011bkolik kus\u016f, hod\u00ed se na r\u016fzn\u00e1 povolen\u00ed<\/li>\n\n\n\n<li>\u0158idi\u010dsk\u00fd pr\u016fkaz &#8211; asijsk\u00e9 st\u00e1ty ho sice moc ne\u0159e\u0161\u00ed, ale m\u00edsto v\u00e1m v batohu nezabere<\/li>\n\n\n\n<li><strong>Ve\u0161ker\u00e9 dokumenty m\u011bjte ulo\u017een\u00e9 i elektronicky (email, cloud), abyste se k nim v p\u0159\u00edpad\u011b ztr\u00e1ty doklad\u016f dostali.<\/strong><\/li>\n<\/ul>\n\n\n\n<p style=\"font-size:14px\"><strong>Elektronika<\/strong><\/p>\n\n\n\n<ul class=\"wp-block-list\">\n<li><a href=\"https:\/\/www.fotoskoda.cz\/nikon-d610-telo-01\/\">Fotoapar\u00e1t<\/a><\/li>\n\n\n\n<li><a href=\"https:\/\/www.apple.com\/uk\/store\">Mobiln\u00ed telefon<\/a><\/li>\n\n\n\n<li><a href=\"https:\/\/www.anker.com\/uk\/products\/a1268?variant=37339971223716&amp;utm_source=google&amp;utm_medium=pmax&amp;utm_campaign=uk_anker_charger_conversion_pmax_bundles_purchase_ost&amp;utm_content=bundles&amp;utm_term=%7B20276876150%7D_%7B%7D_%7B%7D\">Powerbanka<\/a><\/li>\n\n\n\n<li><a href=\"https:\/\/www.fotoskoda.cz\/nikon-24-70-mm-f-2-8e-ed-vr\/\">Objektiv se slune\u010dn\u00ed clonou<\/a><\/li>\n\n\n\n<li><a href=\"https:\/\/www.fotoskoda.cz\/leki-trekingova-hulka-monopod-s-adapterem-pro-fotoaparat\/\">Stativ<\/a>&nbsp;&#8211; vyu\u017e\u00edv\u00e1m v trekov\u00e9 holi na upevn\u011bn\u00ed mobilu pro &#8222;doku&#8220; foto na vrcholech hor apod.&nbsp;<\/li>\n\n\n\n<li>Baterka do fotoapar\u00e1tu<\/li>\n\n\n\n<li><a href=\"https:\/\/www.amazon.co.uk\/SanDisk-Ultra-Memory-Frustration-Packaging\/dp\/B014IX0234\" data-type=\"URL\" data-id=\"https:\/\/www.amazon.co.uk\/SanDisk-Ultra-Memory-Frustration-Packaging\/dp\/B014IX0234\" target=\"_blank\" rel=\"noreferrer noopener\">2x SD karta<\/a><\/li>\n\n\n\n<li>Had\u0159\u00ed\u010dek a foukac\u00ed balonek na \u010di\u0161t\u011bn\u00ed<\/li>\n\n\n\n<li>Nab\u00edje\u010dka na mobil\/ipad<\/li>\n\n\n\n<li>Nab\u00edje\u010dka na fotoapar\u00e1t<\/li>\n<\/ul>\n\n\n\n<p style=\"font-size:14px\"><strong>Oble\u010den\u00ed a kemping<\/strong><\/p>\n\n\n\n<ul class=\"wp-block-list\">\n<li><a href=\"https:\/\/batohy.heureka.cz\/lowe-alpine-cerro-torre-65-85l-black\/\">Krosna<\/a><\/li>\n\n\n\n<li><a href=\"https:\/\/www.vaude.com\/en-GB\/Products\/Eco-Materials\/PVC-free\/Taurus-UL-2P\">Stan<\/a><\/li>\n\n\n\n<li>Stanov\u00e9 ty\u010de<\/li>\n\n\n\n<li>Stanov\u00e9 kol\u00edky<\/li>\n\n\n\n<li><a href=\"https:\/\/spacaky.heureka.cz\/mountain-equipment-titan-550\/\">Spac\u00ed pytel<\/a><\/li>\n\n\n\n<li><a href=\"https:\/\/karimatky.heureka.cz\/yate-eva-comfort\/\">Karimatka<\/a><\/li>\n\n\n\n<li><a href=\"https:\/\/www.botyprabos.cz\/katalog\/zbozi\/turisticke\/vysoke\/produkt\/prabos-tundra-gtx-s20505\">Trekov\u00e9 boty<\/a><\/li>\n\n\n\n<li>Trekov\u00e9 hole<\/li>\n\n\n\n<li><a href=\"https:\/\/panska-obuv.heureka.cz\/teva-sandaly-terra-fi-4-cerna\/\">Sand\u00e1ly<\/a><\/li>\n\n\n\n<li>Pono\u017eky 4x<\/li>\n\n\n\n<li>Pono\u017eky trekov\u00e9 2x<\/li>\n\n\n\n<li>Slipy\/tren\u00fdrky 4x<\/li>\n\n\n\n<li>Velk\u00e1 \u0161\u00e1la &#8211; na sezen\u00ed nebo p\u0159ikryt\u00ed v autobusu \u010di vlaku<\/li>\n\n\n\n<li>Rukavice<\/li>\n\n\n\n<li>\u010cepice<\/li>\n\n\n\n<li>N\u00e1kr\u010dn\u00edk<\/li>\n\n\n\n<li><a href=\"http:\/\/www.sirjoseph.cz\/cz\/produkty\/obleceni\/i30-bunda-shiprock-man-843.htm\">Bunda<\/a><\/li>\n\n\n\n<li>Mikina<\/li>\n\n\n\n<li>Kra\u0165asy<\/li>\n\n\n\n<li>Kalhoty trekov\u00e9<\/li>\n\n\n\n<li>Kalhoty lehk\u00e9<\/li>\n\n\n\n<li>Tri\u010dko 3-4x&nbsp;<\/li>\n\n\n\n<li><a href=\"https:\/\/www.4camping.cz\/p\/panske-funkcni-triko-loap-pepa-dl-r\/#84113\">Klimatex vrchn\u00ed<\/a><\/li>\n\n\n\n<li><a href=\"https:\/\/www.4camping.cz\/p\/panske-spodky-loap-pelot\/#84124\">Klimatex spodn\u00ed<\/a><\/li>\n\n\n\n<li><a href=\"https:\/\/celovky.heureka.cz\/ledlenser-mh10\/\">\u010celovka<\/a><\/li>\n<\/ul>\n\n\n\n<p style=\"font-size:14px\"><strong>J\u00eddlo<\/strong><\/p>\n\n\n\n<ul class=\"wp-block-list\">\n<li><strong>Vyndat z obal\u016f, vz\u00edt takov\u00e9 obaly, kter\u00e9 snadno zlikvidujete, \u010di odnesete.<\/strong><\/li>\n\n\n\n<li>Hrnek &#8211; oby\u010dejn\u00fd smal\u0165\u00e1k<\/li>\n\n\n\n<li>E\u0161us &#8211; oby\u010dejn\u00fd hlin\u00edkov\u00fd<\/li>\n\n\n\n<li><a href=\"https:\/\/www.primus.eu\/primus-omnifuel-p328989\/?sku=7330033901641\">Va\u0159i\u010d s benz\u00ednovou lahv\u00ed<\/a>&nbsp;&#8211; plynov\u00e9 kartu\u0161e jsou jednak t\u00e9m\u011b\u0159 na m\u00edst\u011b k nesehn\u00e1n\u00ed a ve vy\u0161\u00edch nadmo\u0159sk\u00fdch v\u00fd\u0161k\u00e1ch, pokud nem\u00e1te obohacenou sm\u011bs, velmi \u0161patn\u011b ho\u0159\u00ed<\/li>\n\n\n\n<li>Kuskus<\/li>\n\n\n\n<li>\u010cerven\u00e1 \u010do\u010dka<\/li>\n\n\n\n<li>Pohanka<\/li>\n\n\n\n<li>Polenta<\/li>\n\n\n\n<li>Su\u0161en\u00e9 ovoce<\/li>\n\n\n\n<li>Su\u0161en\u00e1 zelenina<\/li>\n\n\n\n<li>Su\u0161en\u00e9 maso<\/li>\n\n\n\n<li>Su\u0161en\u00e9 ml\u00e9ko<\/li>\n\n\n\n<li>\u010cokol\u00e1da<\/li>\n\n\n\n<li>Hroznov\u00fd cukr<\/li>\n\n\n\n<li>\u0160um\u00e1ky<\/li>\n\n\n\n<li>Musli<\/li>\n\n\n\n<li>Nudle\/T\u011bstoviny<\/li>\n\n\n\n<li>Puding<\/li>\n\n\n\n<li>R\u00fd\u017eov\u00e1 ka\u0161e<\/li>\n\n\n\n<li>Vakuovan\u00fd sal\u00e1m<\/li>\n\n\n\n<li>Pol\u00e9vky<\/li>\n\n\n\n<li>Ko\u0159en\u00ed &#8211; ve filmov\u00fdch krabi\u010dk\u00e1ch: s\u016fl, pep\u0159, sko\u0159ice&#8230;<\/li>\n\n\n\n<li>\u010caj<\/li>\n<\/ul>\n\n\n\n<p style=\"font-size:14px\"><strong>Ostatn\u00ed<\/strong><\/p>\n\n\n\n<ul class=\"wp-block-list\">\n<li>Buzola<\/li>\n\n\n\n<li>Slivovice &#8211; hod\u00ed se jako desinfekce, nebo ke sdru\u017eov\u00e1n\u00ed<\/li>\n\n\n\n<li>D\u00e1rky pro domorodce &#8211; mince, pohledy<\/li>\n\n\n\n<li>Pozn\u00e1mkov\u00fd blok a tu\u017eka<\/li>\n\n\n\n<li>Lepenka &#8211; na zalepen\u00ed mapy<\/li>\n\n\n\n<li>Slune\u010dn\u00ed br\u00fdle<\/li>\n\n\n\n<li>P\u00ed\u0161\u0165alka &#8211; na p\u0159ivol\u00e1n\u00ed pomoci<\/li>\n\n\n\n<li>Pen\u011b\u017eenka<\/li>\n\n\n\n<li><a href=\"https:\/\/martinbitman.cz\/index.php\/mapy-pruvodce-a-gpx-soubory\/\" data-type=\"page\" data-id=\"577\">Mapy a pr\u016fvodce<\/a><\/li>\n\n\n\n<li>Vlajka &#8211; nesty\u010fme se za svoji zemi<\/li>\n\n\n\n<li>Visac\u00ed z\u00e1mek &#8211; ob\u010das se hod\u00ed do levn\u00fdch hostel\u016f<\/li>\n\n\n\n<li>N\u00e1hradn\u00ed tkani\u010dky do bot<\/li>\n\n\n\n<li>\u0160n\u016fra na pr\u00e1dlo<\/li>\n\n\n\n<li>N\u016f\u017e &#8211; \u017e\u00e1dn\u00e9 ma\u010dety, v n\u011bkter\u00fdch st\u00e1tech maj\u00ed z\u00e1kaz dov\u00e1\u017een\u00ed no\u017e\u016f nad 8\/12cm<\/li>\n\n\n\n<li>L\u017e\u00edce<\/li>\n\n\n\n<li>Zapalova\u010d a sirky &#8211; zejm\u00e9na sirky, po zku\u0161enostech s k\u0159esadly, zapalova\u010di a piezoelektrick\u00fdmi zapalova\u010di jsem se vr\u00e1til ke star\u00fdm dobr\u00fdm a spolehliv\u00fdm sirk\u00e1m &#8211; pokud jsou v suchu, tak se nem\u016f\u017ee st\u00e1t, \u017ee v\u00e1m sel\u017eou<\/li>\n<\/ul>\n","protected":false},"excerpt":{"rendered":"<p>\u0160est m\u011bs\u00edc\u016f nebo p\u00e1r t\u00fddnu? Zas takov\u00fd rozd\u00edl to nen\u00ed. M\u00e9 odzkou\u0161en\u00e9 a doporu\u010den\u00e9 vybaven\u00ed bat\u016f\u017ek\u00e1\u0159\u016fm, cestovatel\u016fm i treka\u0159\u016fm. Pro inspiraci p\u0159id\u00e1v\u00e1m odkazy na konkr\u00e9tn\u00ed vybaven\u00ed. Takov\u00e9 v\u011bci jsou z\u00e1kladem va\u0161eho vybaven\u00ed a je t\u0159eba m\u00edt kvalitn\u011bj\u0161\u00ed, aby d\u00e9le vydr\u017eely.&nbsp;Tam, kde odkaz neuv\u00e1d\u00edm, je to obecn\u00e1 polo\u017eka a je zcela jedno, zda m\u00e1te zapalova\u010d \u010di\n <a href=\"https:\/\/martinbitman.cz\/index.php\/vybaveni\/\" class=\"read-more inline\" title=\"Read More\">Read More<\/a><\/p>","protected":false},"author":1,"featured_media":0,"parent":0,"menu_order":0,"comment_status":"closed","ping_status":"closed","template":"","meta":{"_monsterinsights_skip_tracking":false,"_monsterinsights_sitenote_active":false,"_monsterinsights_sitenote_note":"","_monsterinsights_sitenote_category":0,"footnotes":""},"class_list":["post-525","page","type-page","status-publish","hentry"],"_links":{"self":[{"href":"https:\/\/martinbitman.cz\/index.php\/wp-json\/wp\/v2\/pages\/525","targetHints":{"allow":["GET"]}}],"collection":[{"href":"https:\/\/martinbitman.cz\/index.php\/wp-json\/wp\/v2\/pages"}],"about":[{"href":"https:\/\/martinbitman.cz\/index.php\/wp-json\/wp\/v2\/types\/page"}],"author":[{"embeddable":true,"href":"https:\/\/martinbitman.cz\/index.php\/wp-json\/wp\/v2\/users\/1"}],"replies":[{"embeddable":true,"href":"https:\/\/martinbitman.cz\/index.php\/wp-json\/wp\/v2\/comments?post=525"}],"version-history":[{"count":9,"href":"https:\/\/martinbitman.cz\/index.php\/wp-json\/wp\/v2\/pages\/525\/revisions"}],"predecessor-version":[{"id":1113,"href":"https:\/\/martinbitman.cz\/index.php\/wp-json\/wp\/v2\/pages\/525\/revisions\/1113"}],"wp:attachment":[{"href":"https:\/\/martinbitman.cz\/index.php\/wp-json\/wp\/v2\/media?parent=525"}],"curies":[{"name":"wp","href":"https:\/\/api.w.org\/{rel}","templated":true}]}}