{"id":52,"date":"2022-11-09T22:31:59","date_gmt":"2022-11-09T22:31:59","guid":{"rendered":"http:\/\/martinbitman.cz\/?page_id=52"},"modified":"2022-11-19T18:40:51","modified_gmt":"2022-11-19T17:40:51","slug":"krajina","status":"publish","type":"page","link":"https:\/\/martinbitman.cz\/index.php\/krajina\/","title":{"rendered":"Krajina"},"content":{"rendered":"\n<figure class=\"wp-block-gallery has-nested-images columns-default is-cropped wp-block-gallery-1 is-layout-flex wp-block-gallery-is-layout-flex\">\n<figure class=\"wp-block-image size-full\"><img loading=\"lazy\" decoding=\"async\" width=\"1223\" height=\"816\" data-id=\"655\" src=\"https:\/\/martinbitman.cz\/wp-content\/uploads\/2022\/11\/DSC3753.jpg\" alt=\"\" class=\"wp-image-655\" srcset=\"https:\/\/martinbitman.cz\/wp-content\/uploads\/2022\/11\/DSC3753.jpg 1223w, https:\/\/martinbitman.cz\/wp-content\/uploads\/2022\/11\/DSC3753-300x200.jpg 300w, https:\/\/martinbitman.cz\/wp-content\/uploads\/2022\/11\/DSC3753-1024x683.jpg 1024w, https:\/\/martinbitman.cz\/wp-content\/uploads\/2022\/11\/DSC3753-768x512.jpg 768w\" sizes=\"auto, (max-width: 1223px) 100vw, 1223px\" \/><figcaption class=\"wp-element-caption\">Cesta na Tolba\u010dik &#8211; N\u00e1rodn\u00ed Park Klu\u010devskaya, Kam\u010datka (2018)<\/figcaption><\/figure>\n\n\n\n<figure class=\"wp-block-image size-full\"><img loading=\"lazy\" decoding=\"async\" width=\"1223\" height=\"816\" data-id=\"658\" src=\"https:\/\/martinbitman.cz\/wp-content\/uploads\/2022\/11\/DSC3863.jpg\" alt=\"\" class=\"wp-image-658\" srcset=\"https:\/\/martinbitman.cz\/wp-content\/uploads\/2022\/11\/DSC3863.jpg 1223w, https:\/\/martinbitman.cz\/wp-content\/uploads\/2022\/11\/DSC3863-300x200.jpg 300w, https:\/\/martinbitman.cz\/wp-content\/uploads\/2022\/11\/DSC3863-1024x683.jpg 1024w, https:\/\/martinbitman.cz\/wp-content\/uploads\/2022\/11\/DSC3863-768x512.jpg 768w\" sizes=\"auto, (max-width: 1223px) 100vw, 1223px\" \/><figcaption class=\"wp-element-caption\">Ch\u016fze p\u0159es ledov\u00e9 jezero &#8211; N\u00e1rodn\u00ed Park Klu\u010devskaya, Kam\u010datka (2018)<\/figcaption><\/figure>\n\n\n\n<figure class=\"wp-block-image size-full\"><img loading=\"lazy\" decoding=\"async\" width=\"1223\" height=\"816\" data-id=\"654\" src=\"https:\/\/martinbitman.cz\/wp-content\/uploads\/2022\/11\/DSC3919.jpg\" alt=\"\" class=\"wp-image-654\" srcset=\"https:\/\/martinbitman.cz\/wp-content\/uploads\/2022\/11\/DSC3919.jpg 1223w, https:\/\/martinbitman.cz\/wp-content\/uploads\/2022\/11\/DSC3919-300x200.jpg 300w, https:\/\/martinbitman.cz\/wp-content\/uploads\/2022\/11\/DSC3919-1024x683.jpg 1024w, https:\/\/martinbitman.cz\/wp-content\/uploads\/2022\/11\/DSC3919-768x512.jpg 768w\" sizes=\"auto, (max-width: 1223px) 100vw, 1223px\" \/><figcaption class=\"wp-element-caption\"><br>4:15 zem\u0159e\u0161 &#8211; N\u00e1rodn\u00ed Park Klu\u010devskaya, Kam\u010datka (2018)<\/figcaption><\/figure>\n\n\n\n<figure class=\"wp-block-image size-full\"><img loading=\"lazy\" decoding=\"async\" width=\"1223\" height=\"816\" data-id=\"659\" src=\"https:\/\/martinbitman.cz\/wp-content\/uploads\/2022\/11\/DSC3935-1.jpg\" alt=\"\" class=\"wp-image-659\" srcset=\"https:\/\/martinbitman.cz\/wp-content\/uploads\/2022\/11\/DSC3935-1.jpg 1223w, https:\/\/martinbitman.cz\/wp-content\/uploads\/2022\/11\/DSC3935-1-300x200.jpg 300w, https:\/\/martinbitman.cz\/wp-content\/uploads\/2022\/11\/DSC3935-1-1024x683.jpg 1024w, https:\/\/martinbitman.cz\/wp-content\/uploads\/2022\/11\/DSC3935-1-768x512.jpg 768w\" sizes=\"auto, (max-width: 1223px) 100vw, 1223px\" \/><figcaption class=\"wp-element-caption\">Kameny, Bezejmeny, Klu\u010devskaya &#8211; N\u00e1rodn\u00ed Park Klu\u010devskaya, Kam\u010datka (2018)<\/figcaption><\/figure>\n\n\n\n<figure class=\"wp-block-image size-full\"><img loading=\"lazy\" decoding=\"async\" width=\"1226\" height=\"815\" data-id=\"656\" src=\"https:\/\/martinbitman.cz\/wp-content\/uploads\/2022\/11\/20080913_1461.jpg\" alt=\"\" class=\"wp-image-656\" srcset=\"https:\/\/martinbitman.cz\/wp-content\/uploads\/2022\/11\/20080913_1461.jpg 1226w, https:\/\/martinbitman.cz\/wp-content\/uploads\/2022\/11\/20080913_1461-300x199.jpg 300w, https:\/\/martinbitman.cz\/wp-content\/uploads\/2022\/11\/20080913_1461-1024x681.jpg 1024w, https:\/\/martinbitman.cz\/wp-content\/uploads\/2022\/11\/20080913_1461-768x511.jpg 768w\" sizes=\"auto, (max-width: 1226px) 100vw, 1226px\" \/><figcaption class=\"wp-element-caption\">Pumori \u2013 Sagarmatha NP, Nep\u00e1l (2009)<\/figcaption><\/figure>\n\n\n\n<figure class=\"wp-block-image size-full\"><img loading=\"lazy\" decoding=\"async\" width=\"1226\" height=\"815\" data-id=\"657\" src=\"https:\/\/martinbitman.cz\/wp-content\/uploads\/2022\/11\/20080914_1641.jpg\" alt=\"\" class=\"wp-image-657\" srcset=\"https:\/\/martinbitman.cz\/wp-content\/uploads\/2022\/11\/20080914_1641.jpg 1226w, https:\/\/martinbitman.cz\/wp-content\/uploads\/2022\/11\/20080914_1641-300x199.jpg 300w, https:\/\/martinbitman.cz\/wp-content\/uploads\/2022\/11\/20080914_1641-1024x681.jpg 1024w, https:\/\/martinbitman.cz\/wp-content\/uploads\/2022\/11\/20080914_1641-768x511.jpg 768w\" sizes=\"auto, (max-width: 1226px) 100vw, 1226px\" \/><figcaption class=\"wp-element-caption\"><br>Kalla Patthar \u2013 Sagarmatha NP, Nep\u00e1l (2009)<\/figcaption><\/figure>\n\n\n\n<figure class=\"wp-block-image size-full\"><img loading=\"lazy\" decoding=\"async\" width=\"1226\" height=\"814\" data-id=\"660\" src=\"https:\/\/martinbitman.cz\/wp-content\/uploads\/2022\/11\/20120628_0435.jpg\" alt=\"\" class=\"wp-image-660\" srcset=\"https:\/\/martinbitman.cz\/wp-content\/uploads\/2022\/11\/20120628_0435.jpg 1226w, https:\/\/martinbitman.cz\/wp-content\/uploads\/2022\/11\/20120628_0435-300x199.jpg 300w, https:\/\/martinbitman.cz\/wp-content\/uploads\/2022\/11\/20120628_0435-1024x680.jpg 1024w, https:\/\/martinbitman.cz\/wp-content\/uploads\/2022\/11\/20120628_0435-768x510.jpg 768w\" sizes=\"auto, (max-width: 1226px) 100vw, 1226px\" \/><figcaption class=\"wp-element-caption\"><br>\u201eAtomov\u00fd h\u0159ib\u201c \u2013 Issyk-Kul, Kyrgyzst\u00e1n (2012)<\/figcaption><\/figure>\n\n\n\n<figure class=\"wp-block-image size-full\"><img loading=\"lazy\" decoding=\"async\" width=\"1226\" height=\"814\" data-id=\"661\" src=\"https:\/\/martinbitman.cz\/wp-content\/uploads\/2022\/11\/20160105_0118.jpg\" alt=\"\" class=\"wp-image-661\" srcset=\"https:\/\/martinbitman.cz\/wp-content\/uploads\/2022\/11\/20160105_0118.jpg 1226w, https:\/\/martinbitman.cz\/wp-content\/uploads\/2022\/11\/20160105_0118-300x199.jpg 300w, https:\/\/martinbitman.cz\/wp-content\/uploads\/2022\/11\/20160105_0118-1024x680.jpg 1024w, https:\/\/martinbitman.cz\/wp-content\/uploads\/2022\/11\/20160105_0118-768x510.jpg 768w\" sizes=\"auto, (max-width: 1226px) 100vw, 1226px\" \/><figcaption class=\"wp-element-caption\"><br>\u010cajov\u00e9 plant\u00e1\u017ee \u2013 Horton Plains, Sr\u00ed Lanka (2016)<\/figcaption><\/figure>\n\n\n\n<figure class=\"wp-block-image size-full\"><img loading=\"lazy\" decoding=\"async\" width=\"1226\" height=\"814\" data-id=\"663\" src=\"https:\/\/martinbitman.cz\/wp-content\/uploads\/2022\/11\/20160301_1404.jpg\" alt=\"\" class=\"wp-image-663\" srcset=\"https:\/\/martinbitman.cz\/wp-content\/uploads\/2022\/11\/20160301_1404.jpg 1226w, https:\/\/martinbitman.cz\/wp-content\/uploads\/2022\/11\/20160301_1404-300x199.jpg 300w, https:\/\/martinbitman.cz\/wp-content\/uploads\/2022\/11\/20160301_1404-1024x680.jpg 1024w, https:\/\/martinbitman.cz\/wp-content\/uploads\/2022\/11\/20160301_1404-768x510.jpg 768w\" sizes=\"auto, (max-width: 1226px) 100vw, 1226px\" \/><figcaption class=\"wp-element-caption\">Mt. Kerinci &#8211; Kerinci NP, Indon\u00e9sie (2016)<\/figcaption><\/figure>\n\n\n\n<figure class=\"wp-block-image size-full\"><img loading=\"lazy\" decoding=\"async\" width=\"1226\" height=\"814\" data-id=\"662\" src=\"https:\/\/martinbitman.cz\/wp-content\/uploads\/2022\/11\/20160424_2584.jpg\" alt=\"\" class=\"wp-image-662\" srcset=\"https:\/\/martinbitman.cz\/wp-content\/uploads\/2022\/11\/20160424_2584.jpg 1226w, https:\/\/martinbitman.cz\/wp-content\/uploads\/2022\/11\/20160424_2584-300x199.jpg 300w, https:\/\/martinbitman.cz\/wp-content\/uploads\/2022\/11\/20160424_2584-1024x680.jpg 1024w, https:\/\/martinbitman.cz\/wp-content\/uploads\/2022\/11\/20160424_2584-768x510.jpg 768w\" sizes=\"auto, (max-width: 1226px) 100vw, 1226px\" \/><figcaption class=\"wp-element-caption\"><br>Sv\u00edt\u00e1n\u00ed &#8211; Annapurna NP, Nep\u00e1l (2016)<\/figcaption><\/figure>\n\n\n\n<figure class=\"wp-block-image size-full\"><img loading=\"lazy\" decoding=\"async\" width=\"1274\" height=\"784\" data-id=\"665\" src=\"https:\/\/martinbitman.cz\/wp-content\/uploads\/2022\/11\/20161006_1428-1.jpg\" alt=\"\" class=\"wp-image-665\" srcset=\"https:\/\/martinbitman.cz\/wp-content\/uploads\/2022\/11\/20161006_1428-1.jpg 1274w, https:\/\/martinbitman.cz\/wp-content\/uploads\/2022\/11\/20161006_1428-1-300x185.jpg 300w, https:\/\/martinbitman.cz\/wp-content\/uploads\/2022\/11\/20161006_1428-1-1024x630.jpg 1024w, https:\/\/martinbitman.cz\/wp-content\/uploads\/2022\/11\/20161006_1428-1-768x473.jpg 768w\" sizes=\"auto, (max-width: 1274px) 100vw, 1274px\" \/><figcaption class=\"wp-element-caption\">&nbsp;Alea iacta est \u2013 jezero Yashikul, T\u00e1d\u017eikist\u00e1n (2016)<\/figcaption><\/figure>\n\n\n\n<figure class=\"wp-block-image size-full\"><img loading=\"lazy\" decoding=\"async\" width=\"1223\" height=\"816\" data-id=\"664\" src=\"https:\/\/martinbitman.cz\/wp-content\/uploads\/2022\/11\/20161012_1637-1.jpg\" alt=\"\" class=\"wp-image-664\" srcset=\"https:\/\/martinbitman.cz\/wp-content\/uploads\/2022\/11\/20161012_1637-1.jpg 1223w, https:\/\/martinbitman.cz\/wp-content\/uploads\/2022\/11\/20161012_1637-1-300x200.jpg 300w, https:\/\/martinbitman.cz\/wp-content\/uploads\/2022\/11\/20161012_1637-1-1024x683.jpg 1024w, https:\/\/martinbitman.cz\/wp-content\/uploads\/2022\/11\/20161012_1637-1-768x512.jpg 768w\" sizes=\"auto, (max-width: 1223px) 100vw, 1223px\" \/><figcaption class=\"wp-element-caption\">No\u010dn\u00ed obloha \u2013 Pam\u00edr, T\u00e1d\u017eikist\u00e1n (2016)<\/figcaption><\/figure>\n\n\n\n<figure class=\"wp-block-image size-full\"><img loading=\"lazy\" decoding=\"async\" width=\"1223\" height=\"816\" data-id=\"666\" src=\"https:\/\/martinbitman.cz\/wp-content\/uploads\/2022\/11\/20161015_1679-3.jpg\" alt=\"\" class=\"wp-image-666\" srcset=\"https:\/\/martinbitman.cz\/wp-content\/uploads\/2022\/11\/20161015_1679-3.jpg 1223w, https:\/\/martinbitman.cz\/wp-content\/uploads\/2022\/11\/20161015_1679-3-300x200.jpg 300w, https:\/\/martinbitman.cz\/wp-content\/uploads\/2022\/11\/20161015_1679-3-1024x683.jpg 1024w, https:\/\/martinbitman.cz\/wp-content\/uploads\/2022\/11\/20161015_1679-3-768x512.jpg 768w\" sizes=\"auto, (max-width: 1223px) 100vw, 1223px\" \/><figcaption class=\"wp-element-caption\">Sarezsk\u00e9 jezero \u2013 Pam\u00edr, T\u00e1d\u017eikist\u00e1n (2016)<\/figcaption><\/figure>\n\n\n\n<figure class=\"wp-block-image size-full\"><img loading=\"lazy\" decoding=\"async\" width=\"1223\" height=\"816\" data-id=\"667\" src=\"https:\/\/martinbitman.cz\/wp-content\/uploads\/2022\/11\/20161017_1694.jpg\" alt=\"\" class=\"wp-image-667\" srcset=\"https:\/\/martinbitman.cz\/wp-content\/uploads\/2022\/11\/20161017_1694.jpg 1223w, https:\/\/martinbitman.cz\/wp-content\/uploads\/2022\/11\/20161017_1694-300x200.jpg 300w, https:\/\/martinbitman.cz\/wp-content\/uploads\/2022\/11\/20161017_1694-1024x683.jpg 1024w, https:\/\/martinbitman.cz\/wp-content\/uploads\/2022\/11\/20161017_1694-768x512.jpg 768w\" sizes=\"auto, (max-width: 1223px) 100vw, 1223px\" \/><figcaption class=\"wp-element-caption\">Usoi dam \u2013 Pam\u00edr, T\u00e1d\u017eikist\u00e1n (2016)<\/figcaption><\/figure>\n\n\n\n<figure class=\"wp-block-image size-full\"><img loading=\"lazy\" decoding=\"async\" width=\"1223\" height=\"816\" data-id=\"668\" src=\"https:\/\/martinbitman.cz\/wp-content\/uploads\/2022\/11\/20190724_0479.jpg\" alt=\"\" class=\"wp-image-668\" srcset=\"https:\/\/martinbitman.cz\/wp-content\/uploads\/2022\/11\/20190724_0479.jpg 1223w, https:\/\/martinbitman.cz\/wp-content\/uploads\/2022\/11\/20190724_0479-300x200.jpg 300w, https:\/\/martinbitman.cz\/wp-content\/uploads\/2022\/11\/20190724_0479-1024x683.jpg 1024w, https:\/\/martinbitman.cz\/wp-content\/uploads\/2022\/11\/20190724_0479-768x512.jpg 768w\" sizes=\"auto, (max-width: 1223px) 100vw, 1223px\" \/><figcaption class=\"wp-element-caption\">Hussaini Suspension Bridge &#8211; Hunza valley, P\u00e1kist\u00e1n (2019)<\/figcaption><\/figure>\n\n\n\n<figure class=\"wp-block-image size-full\"><img loading=\"lazy\" decoding=\"async\" width=\"1223\" height=\"816\" data-id=\"669\" src=\"https:\/\/martinbitman.cz\/wp-content\/uploads\/2022\/11\/20190724_0483.jpg\" alt=\"\" class=\"wp-image-669\" srcset=\"https:\/\/martinbitman.cz\/wp-content\/uploads\/2022\/11\/20190724_0483.jpg 1223w, https:\/\/martinbitman.cz\/wp-content\/uploads\/2022\/11\/20190724_0483-300x200.jpg 300w, https:\/\/martinbitman.cz\/wp-content\/uploads\/2022\/11\/20190724_0483-1024x683.jpg 1024w, https:\/\/martinbitman.cz\/wp-content\/uploads\/2022\/11\/20190724_0483-768x512.jpg 768w\" sizes=\"auto, (max-width: 1223px) 100vw, 1223px\" \/><figcaption class=\"wp-element-caption\">Hunza river &#8211; Hunza valley, P\u00e1kist\u00e1n (2019)<\/figcaption><\/figure>\n\n\n\n<figure class=\"wp-block-image size-full\"><img loading=\"lazy\" decoding=\"async\" width=\"1223\" height=\"816\" data-id=\"671\" src=\"https:\/\/martinbitman.cz\/wp-content\/uploads\/2022\/11\/20190724_0509-2.jpg\" alt=\"\" class=\"wp-image-671\" srcset=\"https:\/\/martinbitman.cz\/wp-content\/uploads\/2022\/11\/20190724_0509-2.jpg 1223w, https:\/\/martinbitman.cz\/wp-content\/uploads\/2022\/11\/20190724_0509-2-300x200.jpg 300w, https:\/\/martinbitman.cz\/wp-content\/uploads\/2022\/11\/20190724_0509-2-1024x683.jpg 1024w, https:\/\/martinbitman.cz\/wp-content\/uploads\/2022\/11\/20190724_0509-2-768x512.jpg 768w\" sizes=\"auto, (max-width: 1223px) 100vw, 1223px\" \/><figcaption class=\"wp-element-caption\">Nad jezerem &#8211; Hunza valley, P\u00e1kist\u00e1n (2019)<\/figcaption><\/figure>\n\n\n\n<figure class=\"wp-block-image size-full\"><img loading=\"lazy\" decoding=\"async\" width=\"1223\" height=\"816\" data-id=\"670\" src=\"https:\/\/martinbitman.cz\/wp-content\/uploads\/2022\/11\/20190725_0513.jpg\" alt=\"\" class=\"wp-image-670\" srcset=\"https:\/\/martinbitman.cz\/wp-content\/uploads\/2022\/11\/20190725_0513.jpg 1223w, https:\/\/martinbitman.cz\/wp-content\/uploads\/2022\/11\/20190725_0513-300x200.jpg 300w, https:\/\/martinbitman.cz\/wp-content\/uploads\/2022\/11\/20190725_0513-1024x683.jpg 1024w, https:\/\/martinbitman.cz\/wp-content\/uploads\/2022\/11\/20190725_0513-768x512.jpg 768w\" sizes=\"auto, (max-width: 1223px) 100vw, 1223px\" \/><figcaption class=\"wp-element-caption\">Passu glacier &#8211; Hunza valley, P\u00e1kist\u00e1n (2019)<\/figcaption><\/figure>\n\n\n\n<figure class=\"wp-block-image size-full\"><img loading=\"lazy\" decoding=\"async\" width=\"1223\" height=\"816\" data-id=\"672\" src=\"https:\/\/martinbitman.cz\/wp-content\/uploads\/2022\/11\/20190802_0888-1.jpg\" alt=\"\" class=\"wp-image-672\" srcset=\"https:\/\/martinbitman.cz\/wp-content\/uploads\/2022\/11\/20190802_0888-1.jpg 1223w, https:\/\/martinbitman.cz\/wp-content\/uploads\/2022\/11\/20190802_0888-1-300x200.jpg 300w, https:\/\/martinbitman.cz\/wp-content\/uploads\/2022\/11\/20190802_0888-1-1024x683.jpg 1024w, https:\/\/martinbitman.cz\/wp-content\/uploads\/2022\/11\/20190802_0888-1-768x512.jpg 768w\" sizes=\"auto, (max-width: 1223px) 100vw, 1223px\" \/><figcaption class=\"wp-element-caption\">Nanga Parbat &#8211; Gilgit Baltist\u00e1n, P\u00e1kist\u00e1n (2019)<\/figcaption><\/figure>\n<\/figure>\n","protected":false},"excerpt":{"rendered":"","protected":false},"author":1,"featured_media":0,"parent":0,"menu_order":0,"comment_status":"closed","ping_status":"closed","template":"","meta":{"_monsterinsights_skip_tracking":false,"_monsterinsights_sitenote_active":false,"_monsterinsights_sitenote_note":"","_monsterinsights_sitenote_category":0,"footnotes":""},"class_list":["post-52","page","type-page","status-publish","hentry"],"_links":{"self":[{"href":"https:\/\/martinbitman.cz\/index.php\/wp-json\/wp\/v2\/pages\/52","targetHints":{"allow":["GET"]}}],"collection":[{"href":"https:\/\/martinbitman.cz\/index.php\/wp-json\/wp\/v2\/pages"}],"about":[{"href":"https:\/\/martinbitman.cz\/index.php\/wp-json\/wp\/v2\/types\/page"}],"author":[{"embeddable":true,"href":"https:\/\/martinbitman.cz\/index.php\/wp-json\/wp\/v2\/users\/1"}],"replies":[{"embeddable":true,"href":"https:\/\/martinbitman.cz\/index.php\/wp-json\/wp\/v2\/comments?post=52"}],"version-history":[{"count":15,"href":"https:\/\/martinbitman.cz\/index.php\/wp-json\/wp\/v2\/pages\/52\/revisions"}],"predecessor-version":[{"id":711,"href":"https:\/\/martinbitman.cz\/index.php\/wp-json\/wp\/v2\/pages\/52\/revisions\/711"}],"wp:attachment":[{"href":"https:\/\/martinbitman.cz\/index.php\/wp-json\/wp\/v2\/media?parent=52"}],"curies":[{"name":"wp","href":"https:\/\/api.w.org\/{rel}","templated":true}]}}