{"id":51,"date":"2022-11-09T22:31:59","date_gmt":"2022-11-09T22:31:59","guid":{"rendered":"http:\/\/martinbitman.cz\/?page_id=51"},"modified":"2022-11-19T20:55:09","modified_gmt":"2022-11-19T19:55:09","slug":"stredoformatove","status":"publish","type":"page","link":"https:\/\/martinbitman.cz\/index.php\/stredoformatove\/","title":{"rendered":"St\u0159edoform\u00e1tov\u00e9"},"content":{"rendered":"\n<figure class=\"wp-block-gallery has-nested-images columns-default is-cropped wp-block-gallery-1 is-layout-flex wp-block-gallery-is-layout-flex\">\n<figure class=\"wp-block-image size-full\"><img loading=\"lazy\" decoding=\"async\" width=\"997\" height=\"1003\" data-id=\"303\" src=\"https:\/\/martinbitman.cz\/wp-content\/uploads\/2022\/11\/20151220_0005-Edit.jpg\" alt=\"\" class=\"wp-image-303\" srcset=\"https:\/\/martinbitman.cz\/wp-content\/uploads\/2022\/11\/20151220_0005-Edit.jpg 997w, https:\/\/martinbitman.cz\/wp-content\/uploads\/2022\/11\/20151220_0005-Edit-298x300.jpg 298w, https:\/\/martinbitman.cz\/wp-content\/uploads\/2022\/11\/20151220_0005-Edit-150x150.jpg 150w, https:\/\/martinbitman.cz\/wp-content\/uploads\/2022\/11\/20151220_0005-Edit-768x773.jpg 768w\" sizes=\"auto, (max-width: 997px) 100vw, 997px\" \/><figcaption class=\"wp-element-caption\"><br>Malostransk\u00e1 v\u011b\u017e &#8211; Karl\u016fv most, \u010cesk\u00e1 Republika<\/figcaption><\/figure>\n\n\n\n<figure class=\"wp-block-image size-full\"><img loading=\"lazy\" decoding=\"async\" width=\"998\" height=\"1001\" data-id=\"306\" src=\"https:\/\/martinbitman.cz\/wp-content\/uploads\/2022\/11\/20181031_001-Edit.jpg\" alt=\"\" class=\"wp-image-306\" srcset=\"https:\/\/martinbitman.cz\/wp-content\/uploads\/2022\/11\/20181031_001-Edit.jpg 998w, https:\/\/martinbitman.cz\/wp-content\/uploads\/2022\/11\/20181031_001-Edit-300x300.jpg 300w, https:\/\/martinbitman.cz\/wp-content\/uploads\/2022\/11\/20181031_001-Edit-150x150.jpg 150w, https:\/\/martinbitman.cz\/wp-content\/uploads\/2022\/11\/20181031_001-Edit-768x770.jpg 768w\" sizes=\"auto, (max-width: 998px) 100vw, 998px\" \/><figcaption class=\"wp-element-caption\">Javo\u0159i\u010dt\u00ed enti &#8211; Pod Velkou Javo\u0159inou, B\u00edl\u00e9 Kartaty<\/figcaption><\/figure>\n\n\n\n<figure class=\"wp-block-image size-full\"><img loading=\"lazy\" decoding=\"async\" width=\"1000\" height=\"1000\" data-id=\"304\" src=\"https:\/\/martinbitman.cz\/wp-content\/uploads\/2022\/11\/20181031_004-Edit.jpg\" alt=\"\" class=\"wp-image-304\" srcset=\"https:\/\/martinbitman.cz\/wp-content\/uploads\/2022\/11\/20181031_004-Edit.jpg 1000w, https:\/\/martinbitman.cz\/wp-content\/uploads\/2022\/11\/20181031_004-Edit-300x300.jpg 300w, https:\/\/martinbitman.cz\/wp-content\/uploads\/2022\/11\/20181031_004-Edit-150x150.jpg 150w, https:\/\/martinbitman.cz\/wp-content\/uploads\/2022\/11\/20181031_004-Edit-768x768.jpg 768w\" sizes=\"auto, (max-width: 1000px) 100vw, 1000px\" \/><figcaption class=\"wp-element-caption\">Zimn\u00ed radov\u00e1nky &#8211; Tepl\u00e1 Vltava, \u0160umava<\/figcaption><\/figure>\n\n\n\n<figure class=\"wp-block-image size-full\"><img loading=\"lazy\" decoding=\"async\" width=\"1001\" height=\"999\" data-id=\"305\" src=\"https:\/\/martinbitman.cz\/wp-content\/uploads\/2022\/11\/20181031_005-Edit.jpg\" alt=\"\" class=\"wp-image-305\" srcset=\"https:\/\/martinbitman.cz\/wp-content\/uploads\/2022\/11\/20181031_005-Edit.jpg 1001w, https:\/\/martinbitman.cz\/wp-content\/uploads\/2022\/11\/20181031_005-Edit-300x300.jpg 300w, https:\/\/martinbitman.cz\/wp-content\/uploads\/2022\/11\/20181031_005-Edit-150x150.jpg 150w, https:\/\/martinbitman.cz\/wp-content\/uploads\/2022\/11\/20181031_005-Edit-768x766.jpg 768w\" sizes=\"auto, (max-width: 1001px) 100vw, 1001px\" \/><figcaption class=\"wp-element-caption\">Stopy ve sn\u011bhu &#8211; Dobr\u00e1 na \u0160umav\u011b, \u0160umava<\/figcaption><\/figure>\n\n\n\n<figure class=\"wp-block-image size-full\"><img loading=\"lazy\" decoding=\"async\" width=\"1000\" height=\"1000\" data-id=\"308\" src=\"https:\/\/martinbitman.cz\/wp-content\/uploads\/2022\/11\/20181031_006-Edit-2.jpg\" alt=\"\" class=\"wp-image-308\" srcset=\"https:\/\/martinbitman.cz\/wp-content\/uploads\/2022\/11\/20181031_006-Edit-2.jpg 1000w, https:\/\/martinbitman.cz\/wp-content\/uploads\/2022\/11\/20181031_006-Edit-2-300x300.jpg 300w, https:\/\/martinbitman.cz\/wp-content\/uploads\/2022\/11\/20181031_006-Edit-2-150x150.jpg 150w, https:\/\/martinbitman.cz\/wp-content\/uploads\/2022\/11\/20181031_006-Edit-2-768x768.jpg 768w\" sizes=\"auto, (max-width: 1000px) 100vw, 1000px\" \/><figcaption class=\"wp-element-caption\">Zimn\u00ed o\u00e1za &#8211; Dobr\u00e1 na \u0160umav\u011b, \u0160umava<\/figcaption><\/figure>\n\n\n\n<figure class=\"wp-block-image size-full\"><img loading=\"lazy\" decoding=\"async\" width=\"1000\" height=\"1000\" data-id=\"307\" src=\"https:\/\/martinbitman.cz\/wp-content\/uploads\/2022\/11\/20200320_0010-Edit.jpg\" alt=\"\" class=\"wp-image-307\" srcset=\"https:\/\/martinbitman.cz\/wp-content\/uploads\/2022\/11\/20200320_0010-Edit.jpg 1000w, https:\/\/martinbitman.cz\/wp-content\/uploads\/2022\/11\/20200320_0010-Edit-300x300.jpg 300w, https:\/\/martinbitman.cz\/wp-content\/uploads\/2022\/11\/20200320_0010-Edit-150x150.jpg 150w, https:\/\/martinbitman.cz\/wp-content\/uploads\/2022\/11\/20200320_0010-Edit-768x768.jpg 768w\" sizes=\"auto, (max-width: 1000px) 100vw, 1000px\" \/><figcaption class=\"wp-element-caption\">Oblouky &#8211; Podolsk\u00fd most, P\u00edsecko<\/figcaption><\/figure>\n\n\n\n<figure class=\"wp-block-image size-full\"><img loading=\"lazy\" decoding=\"async\" width=\"985\" height=\"1015\" data-id=\"311\" src=\"https:\/\/martinbitman.cz\/wp-content\/uploads\/2022\/11\/20200513_0008-Edit.jpg\" alt=\"\" class=\"wp-image-311\" srcset=\"https:\/\/martinbitman.cz\/wp-content\/uploads\/2022\/11\/20200513_0008-Edit.jpg 985w, https:\/\/martinbitman.cz\/wp-content\/uploads\/2022\/11\/20200513_0008-Edit-291x300.jpg 291w, https:\/\/martinbitman.cz\/wp-content\/uploads\/2022\/11\/20200513_0008-Edit-768x791.jpg 768w\" sizes=\"auto, (max-width: 985px) 100vw, 985px\" \/><figcaption class=\"wp-element-caption\">Stromov\u00e1 alej &#8211; vrch H\u00e1jov\u00e1, B\u00edl\u00e9 Karpaty<\/figcaption><\/figure>\n\n\n\n<figure class=\"wp-block-image size-full\"><img loading=\"lazy\" decoding=\"async\" width=\"1001\" height=\"999\" data-id=\"309\" src=\"https:\/\/martinbitman.cz\/wp-content\/uploads\/2022\/11\/20200618_0001-Edit.jpg\" alt=\"\" class=\"wp-image-309\" srcset=\"https:\/\/martinbitman.cz\/wp-content\/uploads\/2022\/11\/20200618_0001-Edit.jpg 1001w, https:\/\/martinbitman.cz\/wp-content\/uploads\/2022\/11\/20200618_0001-Edit-300x300.jpg 300w, https:\/\/martinbitman.cz\/wp-content\/uploads\/2022\/11\/20200618_0001-Edit-150x150.jpg 150w, https:\/\/martinbitman.cz\/wp-content\/uploads\/2022\/11\/20200618_0001-Edit-768x766.jpg 768w\" sizes=\"auto, (max-width: 1001px) 100vw, 1001px\" \/><figcaption class=\"wp-element-caption\">Ve st\u00ednu stromu &#8211; Pod Kobylou, B\u00edl\u00e9 Karpaty<\/figcaption><\/figure>\n\n\n\n<figure class=\"wp-block-image size-full\"><img loading=\"lazy\" decoding=\"async\" width=\"993\" height=\"1006\" data-id=\"310\" src=\"https:\/\/martinbitman.cz\/wp-content\/uploads\/2022\/11\/20200618_0003-Edit.jpg\" alt=\"\" class=\"wp-image-310\" srcset=\"https:\/\/martinbitman.cz\/wp-content\/uploads\/2022\/11\/20200618_0003-Edit.jpg 993w, https:\/\/martinbitman.cz\/wp-content\/uploads\/2022\/11\/20200618_0003-Edit-296x300.jpg 296w, https:\/\/martinbitman.cz\/wp-content\/uploads\/2022\/11\/20200618_0003-Edit-768x778.jpg 768w\" sizes=\"auto, (max-width: 993px) 100vw, 993px\" \/><figcaption class=\"wp-element-caption\">V\u00fdhled do kraje &#8211; Vrchy, B\u00edl\u00e9 Karpaty<\/figcaption><\/figure>\n\n\n\n<figure class=\"wp-block-image size-full\"><img loading=\"lazy\" decoding=\"async\" width=\"1000\" height=\"1000\" data-id=\"316\" src=\"https:\/\/martinbitman.cz\/wp-content\/uploads\/2022\/11\/20151102_0008-Edit.jpg\" alt=\"\" class=\"wp-image-316\" srcset=\"https:\/\/martinbitman.cz\/wp-content\/uploads\/2022\/11\/20151102_0008-Edit.jpg 1000w, https:\/\/martinbitman.cz\/wp-content\/uploads\/2022\/11\/20151102_0008-Edit-300x300.jpg 300w, https:\/\/martinbitman.cz\/wp-content\/uploads\/2022\/11\/20151102_0008-Edit-150x150.jpg 150w, https:\/\/martinbitman.cz\/wp-content\/uploads\/2022\/11\/20151102_0008-Edit-768x768.jpg 768w\" sizes=\"auto, (max-width: 1000px) 100vw, 1000px\" \/><figcaption class=\"wp-element-caption\">V\u00fdhled z cesty na Moel Famau &#8211; Ruthin, Wales<\/figcaption><\/figure>\n\n\n\n<figure class=\"wp-block-image size-full\"><img loading=\"lazy\" decoding=\"async\" width=\"993\" height=\"1006\" data-id=\"317\" src=\"https:\/\/martinbitman.cz\/wp-content\/uploads\/2022\/11\/20151105_0001-Edit.jpg\" alt=\"\" class=\"wp-image-317\" srcset=\"https:\/\/martinbitman.cz\/wp-content\/uploads\/2022\/11\/20151105_0001-Edit.jpg 993w, https:\/\/martinbitman.cz\/wp-content\/uploads\/2022\/11\/20151105_0001-Edit-296x300.jpg 296w, https:\/\/martinbitman.cz\/wp-content\/uploads\/2022\/11\/20151105_0001-Edit-768x778.jpg 768w\" sizes=\"auto, (max-width: 993px) 100vw, 993px\" \/><figcaption class=\"wp-element-caption\">V\u00fdhled z Moel Famau &#8211; Ruthin, Wales<\/figcaption><\/figure>\n\n\n\n<figure class=\"wp-block-image size-full\"><img loading=\"lazy\" decoding=\"async\" width=\"983\" height=\"1017\" data-id=\"314\" src=\"https:\/\/martinbitman.cz\/wp-content\/uploads\/2022\/11\/20151107_0003-Edit.jpg\" alt=\"\" class=\"wp-image-314\" srcset=\"https:\/\/martinbitman.cz\/wp-content\/uploads\/2022\/11\/20151107_0003-Edit.jpg 983w, https:\/\/martinbitman.cz\/wp-content\/uploads\/2022\/11\/20151107_0003-Edit-290x300.jpg 290w, https:\/\/martinbitman.cz\/wp-content\/uploads\/2022\/11\/20151107_0003-Edit-768x795.jpg 768w\" sizes=\"auto, (max-width: 983px) 100vw, 983px\" \/><figcaption class=\"wp-element-caption\">Sensie &#8211; Ruthin, Wales<\/figcaption><\/figure>\n\n\n\n<figure class=\"wp-block-image size-full is-style-default\"><img loading=\"lazy\" decoding=\"async\" width=\"1000\" height=\"1000\" data-id=\"315\" src=\"https:\/\/martinbitman.cz\/wp-content\/uploads\/2022\/11\/20160127_0001-Edit-2.jpg\" alt=\"\" class=\"wp-image-315\" srcset=\"https:\/\/martinbitman.cz\/wp-content\/uploads\/2022\/11\/20160127_0001-Edit-2.jpg 1000w, https:\/\/martinbitman.cz\/wp-content\/uploads\/2022\/11\/20160127_0001-Edit-2-300x300.jpg 300w, https:\/\/martinbitman.cz\/wp-content\/uploads\/2022\/11\/20160127_0001-Edit-2-150x150.jpg 150w, https:\/\/martinbitman.cz\/wp-content\/uploads\/2022\/11\/20160127_0001-Edit-2-768x768.jpg 768w\" sizes=\"auto, (max-width: 1000px) 100vw, 1000px\" \/><figcaption class=\"wp-element-caption\">D\u011bv\u010de &#8211; Adam&#8217;s Peak, Sri Lanka<\/figcaption><\/figure>\n<\/figure>\n","protected":false},"excerpt":{"rendered":"","protected":false},"author":1,"featured_media":0,"parent":0,"menu_order":0,"comment_status":"closed","ping_status":"closed","template":"","meta":{"_monsterinsights_skip_tracking":false,"_monsterinsights_sitenote_active":false,"_monsterinsights_sitenote_note":"","_monsterinsights_sitenote_category":0,"footnotes":""},"class_list":["post-51","page","type-page","status-publish","hentry"],"_links":{"self":[{"href":"https:\/\/martinbitman.cz\/index.php\/wp-json\/wp\/v2\/pages\/51","targetHints":{"allow":["GET"]}}],"collection":[{"href":"https:\/\/martinbitman.cz\/index.php\/wp-json\/wp\/v2\/pages"}],"about":[{"href":"https:\/\/martinbitman.cz\/index.php\/wp-json\/wp\/v2\/types\/page"}],"author":[{"embeddable":true,"href":"https:\/\/martinbitman.cz\/index.php\/wp-json\/wp\/v2\/users\/1"}],"replies":[{"embeddable":true,"href":"https:\/\/martinbitman.cz\/index.php\/wp-json\/wp\/v2\/comments?post=51"}],"version-history":[{"count":10,"href":"https:\/\/martinbitman.cz\/index.php\/wp-json\/wp\/v2\/pages\/51\/revisions"}],"predecessor-version":[{"id":719,"href":"https:\/\/martinbitman.cz\/index.php\/wp-json\/wp\/v2\/pages\/51\/revisions\/719"}],"wp:attachment":[{"href":"https:\/\/martinbitman.cz\/index.php\/wp-json\/wp\/v2\/media?parent=51"}],"curies":[{"name":"wp","href":"https:\/\/api.w.org\/{rel}","templated":true}]}}