{"id":50,"date":"2022-11-09T22:31:59","date_gmt":"2022-11-09T22:31:59","guid":{"rendered":"http:\/\/martinbitman.cz\/?page_id=50"},"modified":"2024-02-18T23:23:22","modified_gmt":"2024-02-18T22:23:22","slug":"lide-zivot","status":"publish","type":"page","link":"https:\/\/martinbitman.cz\/index.php\/lide-zivot\/","title":{"rendered":"Lid\u00e9 &#038; \u017eivot"},"content":{"rendered":"\n<figure class=\"wp-block-gallery has-nested-images columns-default is-cropped wp-block-gallery-1 is-layout-flex wp-block-gallery-is-layout-flex\">\n<figure class=\"wp-block-image size-large\"><img loading=\"lazy\" decoding=\"async\" width=\"1024\" height=\"680\" data-id=\"702\" src=\"https:\/\/martinbitman.cz\/wp-content\/uploads\/2022\/11\/20121020_0981-1024x680.jpg\" alt=\"\" class=\"wp-image-702\" srcset=\"https:\/\/martinbitman.cz\/wp-content\/uploads\/2022\/11\/20121020_0981-1024x680.jpg 1024w, https:\/\/martinbitman.cz\/wp-content\/uploads\/2022\/11\/20121020_0981-300x199.jpg 300w, https:\/\/martinbitman.cz\/wp-content\/uploads\/2022\/11\/20121020_0981-768x510.jpg 768w, https:\/\/martinbitman.cz\/wp-content\/uploads\/2022\/11\/20121020_0981.jpg 1226w\" sizes=\"auto, (max-width: 1024px) 100vw, 1024px\" \/><figcaption class=\"wp-element-caption\"><br>Sn\u00eddan\u011b \u2013 Pokhara, Nep\u00e1l (2012)<\/figcaption><\/figure>\n\n\n\n<figure class=\"wp-block-image size-full\"><img loading=\"lazy\" decoding=\"async\" width=\"1226\" height=\"815\" data-id=\"324\" src=\"https:\/\/martinbitman.cz\/wp-content\/uploads\/2022\/11\/20080815_0086.jpg\" alt=\"\" class=\"wp-image-324\" srcset=\"https:\/\/martinbitman.cz\/wp-content\/uploads\/2022\/11\/20080815_0086.jpg 1226w, https:\/\/martinbitman.cz\/wp-content\/uploads\/2022\/11\/20080815_0086-300x199.jpg 300w, https:\/\/martinbitman.cz\/wp-content\/uploads\/2022\/11\/20080815_0086-1024x681.jpg 1024w, https:\/\/martinbitman.cz\/wp-content\/uploads\/2022\/11\/20080815_0086-768x511.jpg 768w\" sizes=\"auto, (max-width: 1226px) 100vw, 1226px\" \/><figcaption class=\"wp-element-caption\"><br>P\u0159\u00edprava \u010daje \u2013 Amritsar, Indie (2009)<\/figcaption><\/figure>\n\n\n\n<figure class=\"wp-block-image size-full\"><img loading=\"lazy\" decoding=\"async\" width=\"1226\" height=\"815\" data-id=\"322\" src=\"https:\/\/martinbitman.cz\/wp-content\/uploads\/2022\/11\/20080823_0563.jpg\" alt=\"\" class=\"wp-image-322\" srcset=\"https:\/\/martinbitman.cz\/wp-content\/uploads\/2022\/11\/20080823_0563.jpg 1226w, https:\/\/martinbitman.cz\/wp-content\/uploads\/2022\/11\/20080823_0563-300x199.jpg 300w, https:\/\/martinbitman.cz\/wp-content\/uploads\/2022\/11\/20080823_0563-1024x681.jpg 1024w, https:\/\/martinbitman.cz\/wp-content\/uploads\/2022\/11\/20080823_0563-768x511.jpg 768w\" sizes=\"auto, (max-width: 1226px) 100vw, 1226px\" \/><figcaption class=\"wp-element-caption\"><br>Dalajl\u00e1ma \u2013 Leh, Indie (2009)<\/figcaption><\/figure>\n\n\n\n<figure class=\"wp-block-image size-full\"><img loading=\"lazy\" decoding=\"async\" width=\"1226\" height=\"815\" data-id=\"323\" src=\"https:\/\/martinbitman.cz\/wp-content\/uploads\/2022\/11\/20080826_1192.jpg\" alt=\"\" class=\"wp-image-323\" srcset=\"https:\/\/martinbitman.cz\/wp-content\/uploads\/2022\/11\/20080826_1192.jpg 1226w, https:\/\/martinbitman.cz\/wp-content\/uploads\/2022\/11\/20080826_1192-300x199.jpg 300w, https:\/\/martinbitman.cz\/wp-content\/uploads\/2022\/11\/20080826_1192-1024x681.jpg 1024w, https:\/\/martinbitman.cz\/wp-content\/uploads\/2022\/11\/20080826_1192-768x511.jpg 768w\" sizes=\"auto, (max-width: 1226px) 100vw, 1226px\" \/><figcaption class=\"wp-element-caption\"><br>Neuv\u011b\u0159iteln\u00e1 setk\u00e1n\u00ed \u2013 provincie \u00d6v\u00f6rkhangai, Mongolsko (2008)<\/figcaption><\/figure>\n\n\n\n<figure class=\"wp-block-image size-full\"><img loading=\"lazy\" decoding=\"async\" width=\"1226\" height=\"815\" data-id=\"320\" src=\"https:\/\/martinbitman.cz\/wp-content\/uploads\/2022\/11\/20080830_0898.jpg\" alt=\"\" class=\"wp-image-320\" srcset=\"https:\/\/martinbitman.cz\/wp-content\/uploads\/2022\/11\/20080830_0898.jpg 1226w, https:\/\/martinbitman.cz\/wp-content\/uploads\/2022\/11\/20080830_0898-300x199.jpg 300w, https:\/\/martinbitman.cz\/wp-content\/uploads\/2022\/11\/20080830_0898-1024x681.jpg 1024w, https:\/\/martinbitman.cz\/wp-content\/uploads\/2022\/11\/20080830_0898-768x511.jpg 768w\" sizes=\"auto, (max-width: 1226px) 100vw, 1226px\" \/><figcaption class=\"wp-element-caption\"><br>Bahenn\u00ed koupel \u2013 Varanasi, Indie (2009)<\/figcaption><\/figure>\n\n\n\n<figure class=\"wp-block-image size-full\"><img loading=\"lazy\" decoding=\"async\" width=\"1226\" height=\"815\" data-id=\"321\" src=\"https:\/\/martinbitman.cz\/wp-content\/uploads\/2022\/11\/20080903_1963.jpg\" alt=\"\" class=\"wp-image-321\" srcset=\"https:\/\/martinbitman.cz\/wp-content\/uploads\/2022\/11\/20080903_1963.jpg 1226w, https:\/\/martinbitman.cz\/wp-content\/uploads\/2022\/11\/20080903_1963-300x199.jpg 300w, https:\/\/martinbitman.cz\/wp-content\/uploads\/2022\/11\/20080903_1963-1024x681.jpg 1024w, https:\/\/martinbitman.cz\/wp-content\/uploads\/2022\/11\/20080903_1963-768x511.jpg 768w\" sizes=\"auto, (max-width: 1226px) 100vw, 1226px\" \/><figcaption class=\"wp-element-caption\">Zamy\u0161len\u00ed se \u2013 provincie \u00d6v\u00f6rkhangai, Mongolsko (2008)<\/figcaption><\/figure>\n\n\n\n<figure class=\"wp-block-image size-full\"><img loading=\"lazy\" decoding=\"async\" width=\"1226\" height=\"815\" data-id=\"325\" src=\"https:\/\/martinbitman.cz\/wp-content\/uploads\/2022\/11\/20080920_1895.jpg\" alt=\"\" class=\"wp-image-325\" srcset=\"https:\/\/martinbitman.cz\/wp-content\/uploads\/2022\/11\/20080920_1895.jpg 1226w, https:\/\/martinbitman.cz\/wp-content\/uploads\/2022\/11\/20080920_1895-300x199.jpg 300w, https:\/\/martinbitman.cz\/wp-content\/uploads\/2022\/11\/20080920_1895-1024x681.jpg 1024w, https:\/\/martinbitman.cz\/wp-content\/uploads\/2022\/11\/20080920_1895-768x511.jpg 768w\" sizes=\"auto, (max-width: 1226px) 100vw, 1226px\" \/><figcaption class=\"wp-element-caption\"><br>Mnich \u2013 Boudhanath, Nep\u00e1l (2009)<\/figcaption><\/figure>\n\n\n\n<figure class=\"wp-block-image size-full\"><img loading=\"lazy\" decoding=\"async\" width=\"1226\" height=\"815\" data-id=\"326\" src=\"https:\/\/martinbitman.cz\/wp-content\/uploads\/2022\/11\/20080923_2025.jpg\" alt=\"\" class=\"wp-image-326\" srcset=\"https:\/\/martinbitman.cz\/wp-content\/uploads\/2022\/11\/20080923_2025.jpg 1226w, https:\/\/martinbitman.cz\/wp-content\/uploads\/2022\/11\/20080923_2025-300x199.jpg 300w, https:\/\/martinbitman.cz\/wp-content\/uploads\/2022\/11\/20080923_2025-1024x681.jpg 1024w, https:\/\/martinbitman.cz\/wp-content\/uploads\/2022\/11\/20080923_2025-768x511.jpg 768w\" sizes=\"auto, (max-width: 1226px) 100vw, 1226px\" \/><figcaption class=\"wp-element-caption\"><br>P\u0159evozn\u00edk \u2013 Chitwan NP, Nep\u00e1l (2009)<\/figcaption><\/figure>\n\n\n\n<figure class=\"wp-block-image size-full\"><img loading=\"lazy\" decoding=\"async\" width=\"1226\" height=\"814\" data-id=\"329\" src=\"https:\/\/martinbitman.cz\/wp-content\/uploads\/2022\/11\/20100825_0271.jpg\" alt=\"\" class=\"wp-image-329\" srcset=\"https:\/\/martinbitman.cz\/wp-content\/uploads\/2022\/11\/20100825_0271.jpg 1226w, https:\/\/martinbitman.cz\/wp-content\/uploads\/2022\/11\/20100825_0271-300x199.jpg 300w, https:\/\/martinbitman.cz\/wp-content\/uploads\/2022\/11\/20100825_0271-1024x680.jpg 1024w, https:\/\/martinbitman.cz\/wp-content\/uploads\/2022\/11\/20100825_0271-768x510.jpg 768w\" sizes=\"auto, (max-width: 1226px) 100vw, 1226px\" \/><figcaption class=\"wp-element-caption\"><br>Ali Pa\u0161a \u2013 Manbij, S\u00fdrie (2010)<\/figcaption><\/figure>\n\n\n\n<figure class=\"wp-block-image size-full\"><img loading=\"lazy\" decoding=\"async\" width=\"1226\" height=\"814\" data-id=\"327\" src=\"https:\/\/martinbitman.cz\/wp-content\/uploads\/2022\/11\/20100830_0613.jpg\" alt=\"\" class=\"wp-image-327\" srcset=\"https:\/\/martinbitman.cz\/wp-content\/uploads\/2022\/11\/20100830_0613.jpg 1226w, https:\/\/martinbitman.cz\/wp-content\/uploads\/2022\/11\/20100830_0613-300x199.jpg 300w, https:\/\/martinbitman.cz\/wp-content\/uploads\/2022\/11\/20100830_0613-1024x680.jpg 1024w, https:\/\/martinbitman.cz\/wp-content\/uploads\/2022\/11\/20100830_0613-768x510.jpg 768w\" sizes=\"auto, (max-width: 1226px) 100vw, 1226px\" \/><figcaption class=\"wp-element-caption\"><br>Assad \u2013 Dama\u0161ek, S\u00fdrie (2010)<\/figcaption><\/figure>\n\n\n\n<figure class=\"wp-block-image size-full\"><img loading=\"lazy\" decoding=\"async\" width=\"1226\" height=\"814\" data-id=\"328\" src=\"https:\/\/martinbitman.cz\/wp-content\/uploads\/2022\/11\/20110814_0445.jpg\" alt=\"\" class=\"wp-image-328\" srcset=\"https:\/\/martinbitman.cz\/wp-content\/uploads\/2022\/11\/20110814_0445.jpg 1226w, https:\/\/martinbitman.cz\/wp-content\/uploads\/2022\/11\/20110814_0445-300x199.jpg 300w, https:\/\/martinbitman.cz\/wp-content\/uploads\/2022\/11\/20110814_0445-1024x680.jpg 1024w, https:\/\/martinbitman.cz\/wp-content\/uploads\/2022\/11\/20110814_0445-768x510.jpg 768w\" sizes=\"auto, (max-width: 1226px) 100vw, 1226px\" \/><figcaption class=\"wp-element-caption\"><br>Gruz\u00ednsk\u00fd ve\u010der \u2013 Vardzia, Gruzie (2011)<\/figcaption><\/figure>\n\n\n\n<figure class=\"wp-block-image size-full\"><img loading=\"lazy\" decoding=\"async\" width=\"1226\" height=\"814\" data-id=\"331\" src=\"https:\/\/martinbitman.cz\/wp-content\/uploads\/2022\/11\/20120706_0875.jpg\" alt=\"\" class=\"wp-image-331\" srcset=\"https:\/\/martinbitman.cz\/wp-content\/uploads\/2022\/11\/20120706_0875.jpg 1226w, https:\/\/martinbitman.cz\/wp-content\/uploads\/2022\/11\/20120706_0875-300x199.jpg 300w, https:\/\/martinbitman.cz\/wp-content\/uploads\/2022\/11\/20120706_0875-1024x680.jpg 1024w, https:\/\/martinbitman.cz\/wp-content\/uploads\/2022\/11\/20120706_0875-768x510.jpg 768w\" sizes=\"auto, (max-width: 1226px) 100vw, 1226px\" \/><figcaption class=\"wp-element-caption\"><br>U studny \u2013 Murghab, T\u00e1d\u017eikist\u00e1n (2012)<\/figcaption><\/figure>\n\n\n\n<figure class=\"wp-block-image size-full\"><img loading=\"lazy\" decoding=\"async\" width=\"1226\" height=\"814\" data-id=\"332\" src=\"https:\/\/martinbitman.cz\/wp-content\/uploads\/2022\/11\/20120706_0882.jpg\" alt=\"\" class=\"wp-image-332\" srcset=\"https:\/\/martinbitman.cz\/wp-content\/uploads\/2022\/11\/20120706_0882.jpg 1226w, https:\/\/martinbitman.cz\/wp-content\/uploads\/2022\/11\/20120706_0882-300x199.jpg 300w, https:\/\/martinbitman.cz\/wp-content\/uploads\/2022\/11\/20120706_0882-1024x680.jpg 1024w, https:\/\/martinbitman.cz\/wp-content\/uploads\/2022\/11\/20120706_0882-768x510.jpg 768w\" sizes=\"auto, (max-width: 1226px) 100vw, 1226px\" \/><figcaption class=\"wp-element-caption\"><br>Star\u0161\u00ed br\u00e1cha \u2013 Murghab, T\u00e1d\u017eikist\u00e1n (2012)<\/figcaption><\/figure>\n\n\n\n<figure class=\"wp-block-image size-full\"><img loading=\"lazy\" decoding=\"async\" width=\"1226\" height=\"814\" data-id=\"330\" src=\"https:\/\/martinbitman.cz\/wp-content\/uploads\/2022\/11\/20120706_0955.jpg\" alt=\"\" class=\"wp-image-330\" srcset=\"https:\/\/martinbitman.cz\/wp-content\/uploads\/2022\/11\/20120706_0955.jpg 1226w, https:\/\/martinbitman.cz\/wp-content\/uploads\/2022\/11\/20120706_0955-300x199.jpg 300w, https:\/\/martinbitman.cz\/wp-content\/uploads\/2022\/11\/20120706_0955-1024x680.jpg 1024w, https:\/\/martinbitman.cz\/wp-content\/uploads\/2022\/11\/20120706_0955-768x510.jpg 768w\" sizes=\"auto, (max-width: 1226px) 100vw, 1226px\" \/><figcaption class=\"wp-element-caption\"><br>Setk\u00e1n\u00ed po letech \u2013 Pam\u00edr, T\u00e1d\u017eikist\u00e1n (2012) &nbsp;<\/figcaption><\/figure>\n\n\n\n<figure class=\"wp-block-image size-full\"><img loading=\"lazy\" decoding=\"async\" width=\"1226\" height=\"814\" data-id=\"333\" src=\"https:\/\/martinbitman.cz\/wp-content\/uploads\/2022\/11\/20120708_1156.jpg\" alt=\"\" class=\"wp-image-333\" srcset=\"https:\/\/martinbitman.cz\/wp-content\/uploads\/2022\/11\/20120708_1156.jpg 1226w, https:\/\/martinbitman.cz\/wp-content\/uploads\/2022\/11\/20120708_1156-300x199.jpg 300w, https:\/\/martinbitman.cz\/wp-content\/uploads\/2022\/11\/20120708_1156-1024x680.jpg 1024w, https:\/\/martinbitman.cz\/wp-content\/uploads\/2022\/11\/20120708_1156-768x510.jpg 768w\" sizes=\"auto, (max-width: 1226px) 100vw, 1226px\" \/><figcaption class=\"wp-element-caption\"><br>V\u0159el\u00e9 pozv\u00e1n\u00ed \u2013 Bhubaneswar, Indie (2013)<\/figcaption><\/figure>\n\n\n\n<figure class=\"wp-block-image size-full\"><img loading=\"lazy\" decoding=\"async\" width=\"1226\" height=\"814\" data-id=\"334\" src=\"https:\/\/martinbitman.cz\/wp-content\/uploads\/2022\/11\/20120714_1461.jpg\" alt=\"\" class=\"wp-image-334\" srcset=\"https:\/\/martinbitman.cz\/wp-content\/uploads\/2022\/11\/20120714_1461.jpg 1226w, https:\/\/martinbitman.cz\/wp-content\/uploads\/2022\/11\/20120714_1461-300x199.jpg 300w, https:\/\/martinbitman.cz\/wp-content\/uploads\/2022\/11\/20120714_1461-1024x680.jpg 1024w, https:\/\/martinbitman.cz\/wp-content\/uploads\/2022\/11\/20120714_1461-768x510.jpg 768w\" sizes=\"auto, (max-width: 1226px) 100vw, 1226px\" \/><figcaption class=\"wp-element-caption\"><br>Hostinsk\u00fd \u2013 Murghab, T\u00e1d\u017eikist\u00e1n (2012)<\/figcaption><\/figure>\n\n\n\n<figure class=\"wp-block-image size-full\"><img loading=\"lazy\" decoding=\"async\" width=\"1226\" height=\"814\" data-id=\"338\" src=\"https:\/\/martinbitman.cz\/wp-content\/uploads\/2022\/11\/20120714_1494.jpg\" alt=\"\" class=\"wp-image-338\" srcset=\"https:\/\/martinbitman.cz\/wp-content\/uploads\/2022\/11\/20120714_1494.jpg 1226w, https:\/\/martinbitman.cz\/wp-content\/uploads\/2022\/11\/20120714_1494-300x199.jpg 300w, https:\/\/martinbitman.cz\/wp-content\/uploads\/2022\/11\/20120714_1494-1024x680.jpg 1024w, https:\/\/martinbitman.cz\/wp-content\/uploads\/2022\/11\/20120714_1494-768x510.jpg 768w\" sizes=\"auto, (max-width: 1226px) 100vw, 1226px\" \/><figcaption class=\"wp-element-caption\"><br>Kmet \u2013 Murghab, T\u00e1d\u017eikist\u00e1n (2012)<\/figcaption><\/figure>\n\n\n\n<figure class=\"wp-block-image size-full\"><img loading=\"lazy\" decoding=\"async\" width=\"1226\" height=\"814\" data-id=\"337\" src=\"https:\/\/martinbitman.cz\/wp-content\/uploads\/2022\/11\/20121021_1211.jpg\" alt=\"\" class=\"wp-image-337\" srcset=\"https:\/\/martinbitman.cz\/wp-content\/uploads\/2022\/11\/20121021_1211.jpg 1226w, https:\/\/martinbitman.cz\/wp-content\/uploads\/2022\/11\/20121021_1211-300x199.jpg 300w, https:\/\/martinbitman.cz\/wp-content\/uploads\/2022\/11\/20121021_1211-1024x680.jpg 1024w, https:\/\/martinbitman.cz\/wp-content\/uploads\/2022\/11\/20121021_1211-768x510.jpg 768w\" sizes=\"auto, (max-width: 1226px) 100vw, 1226px\" \/><figcaption class=\"wp-element-caption\"><br>Fulmaya \u2013 Pokhara, Nep\u00e1l (2012)<\/figcaption><\/figure>\n\n\n\n<figure class=\"wp-block-image size-full\"><img loading=\"lazy\" decoding=\"async\" width=\"1226\" height=\"814\" data-id=\"335\" src=\"https:\/\/martinbitman.cz\/wp-content\/uploads\/2022\/11\/20130404_0287.jpg\" alt=\"\" class=\"wp-image-335\" srcset=\"https:\/\/martinbitman.cz\/wp-content\/uploads\/2022\/11\/20130404_0287.jpg 1226w, https:\/\/martinbitman.cz\/wp-content\/uploads\/2022\/11\/20130404_0287-300x199.jpg 300w, https:\/\/martinbitman.cz\/wp-content\/uploads\/2022\/11\/20130404_0287-1024x680.jpg 1024w, https:\/\/martinbitman.cz\/wp-content\/uploads\/2022\/11\/20130404_0287-768x510.jpg 768w\" sizes=\"auto, (max-width: 1226px) 100vw, 1226px\" \/><figcaption class=\"wp-element-caption\"><br>V\u0159el\u00e9 pozv\u00e1n\u00ed \u2013 Bhubaneswar, Indie (2013)<\/figcaption><\/figure>\n\n\n\n<figure class=\"wp-block-image size-full\"><img loading=\"lazy\" decoding=\"async\" width=\"1226\" height=\"814\" data-id=\"336\" src=\"https:\/\/martinbitman.cz\/wp-content\/uploads\/2022\/11\/20130406_0420.jpg\" alt=\"\" class=\"wp-image-336\" srcset=\"https:\/\/martinbitman.cz\/wp-content\/uploads\/2022\/11\/20130406_0420.jpg 1226w, https:\/\/martinbitman.cz\/wp-content\/uploads\/2022\/11\/20130406_0420-300x199.jpg 300w, https:\/\/martinbitman.cz\/wp-content\/uploads\/2022\/11\/20130406_0420-1024x680.jpg 1024w, https:\/\/martinbitman.cz\/wp-content\/uploads\/2022\/11\/20130406_0420-768x510.jpg 768w\" sizes=\"auto, (max-width: 1226px) 100vw, 1226px\" \/><figcaption class=\"wp-element-caption\">??? \u2013 Puri, Indie (2013)<\/figcaption><\/figure>\n\n\n\n<figure class=\"wp-block-image size-full\"><img loading=\"lazy\" decoding=\"async\" width=\"1226\" height=\"814\" data-id=\"339\" src=\"https:\/\/martinbitman.cz\/wp-content\/uploads\/2022\/11\/20130407_0465.jpg\" alt=\"\" class=\"wp-image-339\" srcset=\"https:\/\/martinbitman.cz\/wp-content\/uploads\/2022\/11\/20130407_0465.jpg 1226w, https:\/\/martinbitman.cz\/wp-content\/uploads\/2022\/11\/20130407_0465-300x199.jpg 300w, https:\/\/martinbitman.cz\/wp-content\/uploads\/2022\/11\/20130407_0465-1024x680.jpg 1024w, https:\/\/martinbitman.cz\/wp-content\/uploads\/2022\/11\/20130407_0465-768x510.jpg 768w\" sizes=\"auto, (max-width: 1226px) 100vw, 1226px\" \/><figcaption class=\"wp-element-caption\"><br>Na n\u00e1kup \u2013 Puri, Indie (2013)<\/figcaption><\/figure>\n\n\n\n<figure class=\"wp-block-image size-full\"><img loading=\"lazy\" decoding=\"async\" width=\"1226\" height=\"814\" data-id=\"340\" src=\"https:\/\/martinbitman.cz\/wp-content\/uploads\/2022\/11\/20140923_0892.jpg\" alt=\"\" class=\"wp-image-340\" srcset=\"https:\/\/martinbitman.cz\/wp-content\/uploads\/2022\/11\/20140923_0892.jpg 1226w, https:\/\/martinbitman.cz\/wp-content\/uploads\/2022\/11\/20140923_0892-300x199.jpg 300w, https:\/\/martinbitman.cz\/wp-content\/uploads\/2022\/11\/20140923_0892-1024x680.jpg 1024w, https:\/\/martinbitman.cz\/wp-content\/uploads\/2022\/11\/20140923_0892-768x510.jpg 768w\" sizes=\"auto, (max-width: 1226px) 100vw, 1226px\" \/><figcaption class=\"wp-element-caption\"><br>Mal\u00fd model \u2013 Isfahan, \u00cdr\u00e1n (2014)<\/figcaption><\/figure>\n\n\n\n<figure class=\"wp-block-image size-full\"><img loading=\"lazy\" decoding=\"async\" width=\"1226\" height=\"814\" data-id=\"341\" src=\"https:\/\/martinbitman.cz\/wp-content\/uploads\/2022\/11\/20160112_0552.jpg\" alt=\"\" class=\"wp-image-341\" srcset=\"https:\/\/martinbitman.cz\/wp-content\/uploads\/2022\/11\/20160112_0552.jpg 1226w, https:\/\/martinbitman.cz\/wp-content\/uploads\/2022\/11\/20160112_0552-300x199.jpg 300w, https:\/\/martinbitman.cz\/wp-content\/uploads\/2022\/11\/20160112_0552-1024x680.jpg 1024w, https:\/\/martinbitman.cz\/wp-content\/uploads\/2022\/11\/20160112_0552-768x510.jpg 768w\" sizes=\"auto, (max-width: 1226px) 100vw, 1226px\" \/><figcaption class=\"wp-element-caption\"><br>Zv\u011bdav\u00fd kuku\u010d \u2013 Unawatuna, Sr\u00ed Lanka (2016)<\/figcaption><\/figure>\n\n\n\n<figure class=\"wp-block-image size-full\"><img loading=\"lazy\" decoding=\"async\" width=\"1223\" height=\"816\" data-id=\"680\" src=\"https:\/\/martinbitman.cz\/wp-content\/uploads\/2022\/11\/20190803_0953.jpg\" alt=\"\" class=\"wp-image-680\" srcset=\"https:\/\/martinbitman.cz\/wp-content\/uploads\/2022\/11\/20190803_0953.jpg 1223w, https:\/\/martinbitman.cz\/wp-content\/uploads\/2022\/11\/20190803_0953-300x200.jpg 300w, https:\/\/martinbitman.cz\/wp-content\/uploads\/2022\/11\/20190803_0953-1024x683.jpg 1024w, https:\/\/martinbitman.cz\/wp-content\/uploads\/2022\/11\/20190803_0953-768x512.jpg 768w\" sizes=\"auto, (max-width: 1223px) 100vw, 1223px\" \/><figcaption class=\"wp-element-caption\"><br>Oprav\u00e1\u0159 obuvi &#8211; Gilgit- Baltist\u00e1n, P\u00e1kist\u00e1n (2019)<\/figcaption><\/figure>\n\n\n\n<figure class=\"wp-block-image size-full\"><img loading=\"lazy\" decoding=\"async\" width=\"1226\" height=\"814\" data-id=\"342\" src=\"https:\/\/martinbitman.cz\/wp-content\/uploads\/2022\/11\/20160428_2649.jpg\" alt=\"\" class=\"wp-image-342\" srcset=\"https:\/\/martinbitman.cz\/wp-content\/uploads\/2022\/11\/20160428_2649.jpg 1226w, https:\/\/martinbitman.cz\/wp-content\/uploads\/2022\/11\/20160428_2649-300x199.jpg 300w, https:\/\/martinbitman.cz\/wp-content\/uploads\/2022\/11\/20160428_2649-1024x680.jpg 1024w, https:\/\/martinbitman.cz\/wp-content\/uploads\/2022\/11\/20160428_2649-768x510.jpg 768w\" sizes=\"auto, (max-width: 1226px) 100vw, 1226px\" \/><figcaption class=\"wp-element-caption\"><br>Oprav\u00e1\u0159 \u2013 K\u00e1thm\u00e1nd\u00fa, Nep\u00e1l (2016)<\/figcaption><\/figure>\n<\/figure>\n\n\n\n<p><\/p>\n","protected":false},"excerpt":{"rendered":"","protected":false},"author":1,"featured_media":0,"parent":0,"menu_order":0,"comment_status":"closed","ping_status":"closed","template":"","meta":{"_monsterinsights_skip_tracking":false,"_monsterinsights_sitenote_active":false,"_monsterinsights_sitenote_note":"","_monsterinsights_sitenote_category":0,"footnotes":""},"class_list":["post-50","page","type-page","status-publish","hentry"],"_links":{"self":[{"href":"https:\/\/martinbitman.cz\/index.php\/wp-json\/wp\/v2\/pages\/50","targetHints":{"allow":["GET"]}}],"collection":[{"href":"https:\/\/martinbitman.cz\/index.php\/wp-json\/wp\/v2\/pages"}],"about":[{"href":"https:\/\/martinbitman.cz\/index.php\/wp-json\/wp\/v2\/types\/page"}],"author":[{"embeddable":true,"href":"https:\/\/martinbitman.cz\/index.php\/wp-json\/wp\/v2\/users\/1"}],"replies":[{"embeddable":true,"href":"https:\/\/martinbitman.cz\/index.php\/wp-json\/wp\/v2\/comments?post=50"}],"version-history":[{"count":16,"href":"https:\/\/martinbitman.cz\/index.php\/wp-json\/wp\/v2\/pages\/50\/revisions"}],"predecessor-version":[{"id":1119,"href":"https:\/\/martinbitman.cz\/index.php\/wp-json\/wp\/v2\/pages\/50\/revisions\/1119"}],"wp:attachment":[{"href":"https:\/\/martinbitman.cz\/index.php\/wp-json\/wp\/v2\/media?parent=50"}],"curies":[{"name":"wp","href":"https:\/\/api.w.org\/{rel}","templated":true}]}}