{"id":48,"date":"2022-11-09T22:31:59","date_gmt":"2022-11-09T22:31:59","guid":{"rendered":"http:\/\/martinbitman.cz\/?page_id=48"},"modified":"2022-11-19T19:01:46","modified_gmt":"2022-11-19T18:01:46","slug":"cernobile","status":"publish","type":"page","link":"https:\/\/martinbitman.cz\/index.php\/cernobile\/","title":{"rendered":"\u010cernob\u00edl\u00e9"},"content":{"rendered":"\n<figure class=\"wp-block-gallery has-nested-images columns-default is-cropped wp-block-gallery-1 is-layout-flex wp-block-gallery-is-layout-flex\">\n<figure class=\"wp-block-image size-full\"><img loading=\"lazy\" decoding=\"async\" width=\"1253\" height=\"797\" data-id=\"284\" src=\"https:\/\/martinbitman.cz\/wp-content\/uploads\/2022\/11\/20080823_0613-Edit-Edit-2.jpg\" alt=\"\" class=\"wp-image-284\" srcset=\"https:\/\/martinbitman.cz\/wp-content\/uploads\/2022\/11\/20080823_0613-Edit-Edit-2.jpg 1253w, https:\/\/martinbitman.cz\/wp-content\/uploads\/2022\/11\/20080823_0613-Edit-Edit-2-300x191.jpg 300w, https:\/\/martinbitman.cz\/wp-content\/uploads\/2022\/11\/20080823_0613-Edit-Edit-2-1024x651.jpg 1024w, https:\/\/martinbitman.cz\/wp-content\/uploads\/2022\/11\/20080823_0613-Edit-Edit-2-768x489.jpg 768w\" sizes=\"auto, (max-width: 1253px) 100vw, 1253px\" \/><figcaption class=\"wp-element-caption\"><br><br><br>\u201eBest&#8230;\u201c \u2013 Fatepur Sikr\u00ed, Indie (2009)<\/figcaption><\/figure>\n\n\n\n<figure class=\"wp-block-image size-full\"><img loading=\"lazy\" decoding=\"async\" width=\"1262\" height=\"791\" data-id=\"283\" src=\"https:\/\/martinbitman.cz\/wp-content\/uploads\/2022\/11\/20080830_0932-Edit-Edit.jpg\" alt=\"\" class=\"wp-image-283\" srcset=\"https:\/\/martinbitman.cz\/wp-content\/uploads\/2022\/11\/20080830_0932-Edit-Edit.jpg 1262w, https:\/\/martinbitman.cz\/wp-content\/uploads\/2022\/11\/20080830_0932-Edit-Edit-300x188.jpg 300w, https:\/\/martinbitman.cz\/wp-content\/uploads\/2022\/11\/20080830_0932-Edit-Edit-1024x642.jpg 1024w, https:\/\/martinbitman.cz\/wp-content\/uploads\/2022\/11\/20080830_0932-Edit-Edit-768x481.jpg 768w\" sizes=\"auto, (max-width: 1262px) 100vw, 1262px\" \/><figcaption class=\"wp-element-caption\"><br>V\u011b\u0161en\u00ed pr\u00e1dla \u2013 Varanasi, Indie (2009)<\/figcaption><\/figure>\n\n\n\n<figure class=\"wp-block-image size-full\"><img loading=\"lazy\" decoding=\"async\" width=\"1240\" height=\"806\" data-id=\"281\" src=\"https:\/\/martinbitman.cz\/wp-content\/uploads\/2022\/11\/20110823_1046-Edit.jpg\" alt=\"\" class=\"wp-image-281\" srcset=\"https:\/\/martinbitman.cz\/wp-content\/uploads\/2022\/11\/20110823_1046-Edit.jpg 1240w, https:\/\/martinbitman.cz\/wp-content\/uploads\/2022\/11\/20110823_1046-Edit-300x195.jpg 300w, https:\/\/martinbitman.cz\/wp-content\/uploads\/2022\/11\/20110823_1046-Edit-1024x666.jpg 1024w, https:\/\/martinbitman.cz\/wp-content\/uploads\/2022\/11\/20110823_1046-Edit-768x499.jpg 768w, https:\/\/martinbitman.cz\/wp-content\/uploads\/2022\/11\/20110823_1046-Edit-352x230.jpg 352w\" sizes=\"auto, (max-width: 1240px) 100vw, 1240px\" \/><figcaption class=\"wp-element-caption\"><br>P\u0159echod ledovce \u2013 Kavkaz, Gruzie (2011)<\/figcaption><\/figure>\n\n\n\n<figure class=\"wp-block-image size-full\"><img loading=\"lazy\" decoding=\"async\" width=\"1242\" height=\"805\" data-id=\"279\" src=\"https:\/\/martinbitman.cz\/wp-content\/uploads\/2022\/11\/20130425_1280-Edit.jpg\" alt=\"\" class=\"wp-image-279\" srcset=\"https:\/\/martinbitman.cz\/wp-content\/uploads\/2022\/11\/20130425_1280-Edit.jpg 1242w, https:\/\/martinbitman.cz\/wp-content\/uploads\/2022\/11\/20130425_1280-Edit-300x194.jpg 300w, https:\/\/martinbitman.cz\/wp-content\/uploads\/2022\/11\/20130425_1280-Edit-1024x664.jpg 1024w, https:\/\/martinbitman.cz\/wp-content\/uploads\/2022\/11\/20130425_1280-Edit-768x498.jpg 768w\" sizes=\"auto, (max-width: 1242px) 100vw, 1242px\" \/><figcaption class=\"wp-element-caption\"><br>Jez\u00edrko \u2013 provincie Khammouane, Laos (2013)<\/figcaption><\/figure>\n\n\n\n<figure class=\"wp-block-image size-full\"><img loading=\"lazy\" decoding=\"async\" width=\"1226\" height=\"814\" data-id=\"282\" src=\"https:\/\/martinbitman.cz\/wp-content\/uploads\/2022\/11\/20150604_0348-Edit.jpg\" alt=\"\" class=\"wp-image-282\" srcset=\"https:\/\/martinbitman.cz\/wp-content\/uploads\/2022\/11\/20150604_0348-Edit.jpg 1226w, https:\/\/martinbitman.cz\/wp-content\/uploads\/2022\/11\/20150604_0348-Edit-300x199.jpg 300w, https:\/\/martinbitman.cz\/wp-content\/uploads\/2022\/11\/20150604_0348-Edit-1024x680.jpg 1024w, https:\/\/martinbitman.cz\/wp-content\/uploads\/2022\/11\/20150604_0348-Edit-768x510.jpg 768w\" sizes=\"auto, (max-width: 1226px) 100vw, 1226px\" \/><figcaption class=\"wp-element-caption\">Na pl\u00e1\u017ei &#8211; Constanta, Bulharsko (2015)<\/figcaption><\/figure>\n\n\n\n<figure class=\"wp-block-image size-full\"><img loading=\"lazy\" decoding=\"async\" width=\"1244\" height=\"803\" data-id=\"285\" src=\"https:\/\/martinbitman.cz\/wp-content\/uploads\/2022\/11\/20160203_0138-Edit.jpg\" alt=\"\" class=\"wp-image-285\" srcset=\"https:\/\/martinbitman.cz\/wp-content\/uploads\/2022\/11\/20160203_0138-Edit.jpg 1244w, https:\/\/martinbitman.cz\/wp-content\/uploads\/2022\/11\/20160203_0138-Edit-300x194.jpg 300w, https:\/\/martinbitman.cz\/wp-content\/uploads\/2022\/11\/20160203_0138-Edit-1024x661.jpg 1024w, https:\/\/martinbitman.cz\/wp-content\/uploads\/2022\/11\/20160203_0138-Edit-768x496.jpg 768w\" sizes=\"auto, (max-width: 1244px) 100vw, 1244px\" \/><figcaption class=\"wp-element-caption\">Ha Long \u2013 provincie Quang Ninh, Vietnam (2016)<\/figcaption><\/figure>\n\n\n\n<figure class=\"wp-block-image size-full\"><img loading=\"lazy\" decoding=\"async\" width=\"1244\" height=\"803\" data-id=\"286\" src=\"https:\/\/martinbitman.cz\/wp-content\/uploads\/2022\/11\/20160204_0242-Edit.jpg\" alt=\"\" class=\"wp-image-286\" srcset=\"https:\/\/martinbitman.cz\/wp-content\/uploads\/2022\/11\/20160204_0242-Edit.jpg 1244w, https:\/\/martinbitman.cz\/wp-content\/uploads\/2022\/11\/20160204_0242-Edit-300x194.jpg 300w, https:\/\/martinbitman.cz\/wp-content\/uploads\/2022\/11\/20160204_0242-Edit-1024x661.jpg 1024w, https:\/\/martinbitman.cz\/wp-content\/uploads\/2022\/11\/20160204_0242-Edit-768x496.jpg 768w\" sizes=\"auto, (max-width: 1244px) 100vw, 1244px\" \/><figcaption class=\"wp-element-caption\"><br>C\u00e1t B\u00e0 Island \u2013 provincie Quang Ninh, Vietnam (2016)<\/figcaption><\/figure>\n\n\n\n<figure class=\"wp-block-image size-full\"><img loading=\"lazy\" decoding=\"async\" width=\"1240\" height=\"806\" data-id=\"290\" src=\"https:\/\/martinbitman.cz\/wp-content\/uploads\/2022\/11\/20160208_0507-Edit-Edit.jpg\" alt=\"\" class=\"wp-image-290\" srcset=\"https:\/\/martinbitman.cz\/wp-content\/uploads\/2022\/11\/20160208_0507-Edit-Edit.jpg 1240w, https:\/\/martinbitman.cz\/wp-content\/uploads\/2022\/11\/20160208_0507-Edit-Edit-300x195.jpg 300w, https:\/\/martinbitman.cz\/wp-content\/uploads\/2022\/11\/20160208_0507-Edit-Edit-1024x666.jpg 1024w, https:\/\/martinbitman.cz\/wp-content\/uploads\/2022\/11\/20160208_0507-Edit-Edit-768x499.jpg 768w, https:\/\/martinbitman.cz\/wp-content\/uploads\/2022\/11\/20160208_0507-Edit-Edit-352x230.jpg 352w\" sizes=\"auto, (max-width: 1240px) 100vw, 1240px\" \/><figcaption class=\"wp-element-caption\"><br>Turistick\u00fd Fansipan \u2013 Hoang Lien NP, Vietnam (2016)<\/figcaption><\/figure>\n\n\n\n<figure class=\"wp-block-image size-full\"><img loading=\"lazy\" decoding=\"async\" width=\"1242\" height=\"805\" data-id=\"288\" src=\"https:\/\/martinbitman.cz\/wp-content\/uploads\/2022\/11\/20160209_0561-Edit-Edit-2.jpg\" alt=\"\" class=\"wp-image-288\" srcset=\"https:\/\/martinbitman.cz\/wp-content\/uploads\/2022\/11\/20160209_0561-Edit-Edit-2.jpg 1242w, https:\/\/martinbitman.cz\/wp-content\/uploads\/2022\/11\/20160209_0561-Edit-Edit-2-300x194.jpg 300w, https:\/\/martinbitman.cz\/wp-content\/uploads\/2022\/11\/20160209_0561-Edit-Edit-2-1024x664.jpg 1024w, https:\/\/martinbitman.cz\/wp-content\/uploads\/2022\/11\/20160209_0561-Edit-Edit-2-768x498.jpg 768w\" sizes=\"auto, (max-width: 1242px) 100vw, 1242px\" \/><figcaption class=\"wp-element-caption\"><br>P\u00e1len\u00ed dolar\u016f \u2013 Hanoi, Vietnam (2016)&nbsp;<\/figcaption><\/figure>\n\n\n\n<figure class=\"wp-block-image size-full\"><img loading=\"lazy\" decoding=\"async\" width=\"1240\" height=\"805\" data-id=\"287\" src=\"https:\/\/martinbitman.cz\/wp-content\/uploads\/2022\/11\/20160218_0956-Edit.jpg\" alt=\"\" class=\"wp-image-287\" srcset=\"https:\/\/martinbitman.cz\/wp-content\/uploads\/2022\/11\/20160218_0956-Edit.jpg 1240w, https:\/\/martinbitman.cz\/wp-content\/uploads\/2022\/11\/20160218_0956-Edit-300x195.jpg 300w, https:\/\/martinbitman.cz\/wp-content\/uploads\/2022\/11\/20160218_0956-Edit-1024x665.jpg 1024w, https:\/\/martinbitman.cz\/wp-content\/uploads\/2022\/11\/20160218_0956-Edit-768x499.jpg 768w, https:\/\/martinbitman.cz\/wp-content\/uploads\/2022\/11\/20160218_0956-Edit-352x230.jpg 352w\" sizes=\"auto, (max-width: 1240px) 100vw, 1240px\" \/><figcaption class=\"wp-element-caption\"><br>Star\u00e9 tr\u017ei\u0161t\u011b \u2013 Siem Reap, Kambod\u017ea (2016)&nbsp;<\/figcaption><\/figure>\n\n\n\n<figure class=\"wp-block-image size-full\"><img loading=\"lazy\" decoding=\"async\" width=\"1250\" height=\"799\" data-id=\"289\" src=\"https:\/\/martinbitman.cz\/wp-content\/uploads\/2022\/11\/20160223_1100-Edit-Edit.jpg\" alt=\"\" class=\"wp-image-289\" srcset=\"https:\/\/martinbitman.cz\/wp-content\/uploads\/2022\/11\/20160223_1100-Edit-Edit.jpg 1250w, https:\/\/martinbitman.cz\/wp-content\/uploads\/2022\/11\/20160223_1100-Edit-Edit-300x192.jpg 300w, https:\/\/martinbitman.cz\/wp-content\/uploads\/2022\/11\/20160223_1100-Edit-Edit-1024x655.jpg 1024w, https:\/\/martinbitman.cz\/wp-content\/uploads\/2022\/11\/20160223_1100-Edit-Edit-768x491.jpg 768w\" sizes=\"auto, (max-width: 1250px) 100vw, 1250px\" \/><figcaption class=\"wp-element-caption\"><br>Trajekt \u2013 Selat Melaka, malajsko-indon\u00e9sk\u00e1 hranice (2016)<\/figcaption><\/figure>\n\n\n\n<figure class=\"wp-block-image size-full\"><img loading=\"lazy\" decoding=\"async\" width=\"1238\" height=\"807\" data-id=\"291\" src=\"https:\/\/martinbitman.cz\/wp-content\/uploads\/2022\/11\/20160312_2006-Edit.jpg\" alt=\"\" class=\"wp-image-291\" srcset=\"https:\/\/martinbitman.cz\/wp-content\/uploads\/2022\/11\/20160312_2006-Edit.jpg 1238w, https:\/\/martinbitman.cz\/wp-content\/uploads\/2022\/11\/20160312_2006-Edit-300x196.jpg 300w, https:\/\/martinbitman.cz\/wp-content\/uploads\/2022\/11\/20160312_2006-Edit-1024x668.jpg 1024w, https:\/\/martinbitman.cz\/wp-content\/uploads\/2022\/11\/20160312_2006-Edit-768x501.jpg 768w, https:\/\/martinbitman.cz\/wp-content\/uploads\/2022\/11\/20160312_2006-Edit-352x230.jpg 352w\" sizes=\"auto, (max-width: 1238px) 100vw, 1238px\" \/><figcaption class=\"wp-element-caption\"><br>Gunung Bromo \u2013 Bromo Tengger Semeru NP, Indon\u00e9sie (2016)<\/figcaption><\/figure>\n\n\n\n<figure class=\"wp-block-image size-full\"><img loading=\"lazy\" decoding=\"async\" width=\"1243\" height=\"804\" data-id=\"292\" src=\"https:\/\/martinbitman.cz\/wp-content\/uploads\/2022\/11\/20160403_2319-Edit.jpg\" alt=\"\" class=\"wp-image-292\" srcset=\"https:\/\/martinbitman.cz\/wp-content\/uploads\/2022\/11\/20160403_2319-Edit.jpg 1243w, https:\/\/martinbitman.cz\/wp-content\/uploads\/2022\/11\/20160403_2319-Edit-300x194.jpg 300w, https:\/\/martinbitman.cz\/wp-content\/uploads\/2022\/11\/20160403_2319-Edit-1024x662.jpg 1024w, https:\/\/martinbitman.cz\/wp-content\/uploads\/2022\/11\/20160403_2319-Edit-768x497.jpg 768w\" sizes=\"auto, (max-width: 1243px) 100vw, 1243px\" \/><figcaption class=\"wp-element-caption\"><br>Handmade \u2013 K\u00e1thm\u00e1nd\u00fa, Nep\u00e1l (2016)<\/figcaption><\/figure>\n\n\n\n<figure class=\"wp-block-image size-full\"><img loading=\"lazy\" decoding=\"async\" width=\"1243\" height=\"803\" data-id=\"293\" src=\"https:\/\/martinbitman.cz\/wp-content\/uploads\/2022\/11\/20160403_2321-Edit-Edit.jpg\" alt=\"\" class=\"wp-image-293\" srcset=\"https:\/\/martinbitman.cz\/wp-content\/uploads\/2022\/11\/20160403_2321-Edit-Edit.jpg 1243w, https:\/\/martinbitman.cz\/wp-content\/uploads\/2022\/11\/20160403_2321-Edit-Edit-300x194.jpg 300w, https:\/\/martinbitman.cz\/wp-content\/uploads\/2022\/11\/20160403_2321-Edit-Edit-1024x662.jpg 1024w, https:\/\/martinbitman.cz\/wp-content\/uploads\/2022\/11\/20160403_2321-Edit-Edit-768x496.jpg 768w\" sizes=\"auto, (max-width: 1243px) 100vw, 1243px\" \/><figcaption class=\"wp-element-caption\">Denn\u00ed tisk \u2013 K\u00e1thm\u00e1nd\u00fa, Nep\u00e1l (2016)<\/figcaption><\/figure>\n\n\n\n<figure class=\"wp-block-image size-full\"><img loading=\"lazy\" decoding=\"async\" width=\"1242\" height=\"805\" data-id=\"294\" src=\"https:\/\/martinbitman.cz\/wp-content\/uploads\/2022\/11\/20160424_2591-Edit-Edit.jpg\" alt=\"\" class=\"wp-image-294\" srcset=\"https:\/\/martinbitman.cz\/wp-content\/uploads\/2022\/11\/20160424_2591-Edit-Edit.jpg 1242w, https:\/\/martinbitman.cz\/wp-content\/uploads\/2022\/11\/20160424_2591-Edit-Edit-300x194.jpg 300w, https:\/\/martinbitman.cz\/wp-content\/uploads\/2022\/11\/20160424_2591-Edit-Edit-1024x664.jpg 1024w, https:\/\/martinbitman.cz\/wp-content\/uploads\/2022\/11\/20160424_2591-Edit-Edit-768x498.jpg 768w\" sizes=\"auto, (max-width: 1242px) 100vw, 1242px\" \/><figcaption class=\"wp-element-caption\"><br>Annapurna South \u2013 Annapurna NP, Nep\u00e1l (2016)<\/figcaption><\/figure>\n\n\n\n<figure class=\"wp-block-image size-full\"><img loading=\"lazy\" decoding=\"async\" width=\"1239\" height=\"807\" data-id=\"298\" src=\"https:\/\/martinbitman.cz\/wp-content\/uploads\/2022\/11\/20160929_1340-Edit.jpg\" alt=\"\" class=\"wp-image-298\" srcset=\"https:\/\/martinbitman.cz\/wp-content\/uploads\/2022\/11\/20160929_1340-Edit.jpg 1239w, https:\/\/martinbitman.cz\/wp-content\/uploads\/2022\/11\/20160929_1340-Edit-300x195.jpg 300w, https:\/\/martinbitman.cz\/wp-content\/uploads\/2022\/11\/20160929_1340-Edit-1024x667.jpg 1024w, https:\/\/martinbitman.cz\/wp-content\/uploads\/2022\/11\/20160929_1340-Edit-768x500.jpg 768w, https:\/\/martinbitman.cz\/wp-content\/uploads\/2022\/11\/20160929_1340-Edit-352x230.jpg 352w\" sizes=\"auto, (max-width: 1239px) 100vw, 1239px\" \/><figcaption class=\"wp-element-caption\"><br>Velk\u00fd boss \u2013 Pam\u00edr, T\u00e1d\u017eikist\u00e1n (2016)<\/figcaption><\/figure>\n\n\n\n<figure class=\"wp-block-image size-full\"><img loading=\"lazy\" decoding=\"async\" width=\"1240\" height=\"806\" data-id=\"296\" src=\"https:\/\/martinbitman.cz\/wp-content\/uploads\/2022\/11\/20160424_2639-Edit.jpg\" alt=\"\" class=\"wp-image-296\" srcset=\"https:\/\/martinbitman.cz\/wp-content\/uploads\/2022\/11\/20160424_2639-Edit.jpg 1240w, https:\/\/martinbitman.cz\/wp-content\/uploads\/2022\/11\/20160424_2639-Edit-300x195.jpg 300w, https:\/\/martinbitman.cz\/wp-content\/uploads\/2022\/11\/20160424_2639-Edit-1024x666.jpg 1024w, https:\/\/martinbitman.cz\/wp-content\/uploads\/2022\/11\/20160424_2639-Edit-768x499.jpg 768w, https:\/\/martinbitman.cz\/wp-content\/uploads\/2022\/11\/20160424_2639-Edit-352x230.jpg 352w\" sizes=\"auto, (max-width: 1240px) 100vw, 1240px\" \/><figcaption class=\"wp-element-caption\">V mrac\u00edch &#8211; Annapurna NP, Nep\u00e1l (2016)<\/figcaption><\/figure>\n\n\n\n<figure class=\"wp-block-image size-full\"><img loading=\"lazy\" decoding=\"async\" width=\"1240\" height=\"806\" data-id=\"297\" src=\"https:\/\/martinbitman.cz\/wp-content\/uploads\/2022\/11\/20160917_0879-Edit.jpg\" alt=\"\" class=\"wp-image-297\" srcset=\"https:\/\/martinbitman.cz\/wp-content\/uploads\/2022\/11\/20160917_0879-Edit.jpg 1240w, https:\/\/martinbitman.cz\/wp-content\/uploads\/2022\/11\/20160917_0879-Edit-300x195.jpg 300w, https:\/\/martinbitman.cz\/wp-content\/uploads\/2022\/11\/20160917_0879-Edit-1024x666.jpg 1024w, https:\/\/martinbitman.cz\/wp-content\/uploads\/2022\/11\/20160917_0879-Edit-768x499.jpg 768w, https:\/\/martinbitman.cz\/wp-content\/uploads\/2022\/11\/20160917_0879-Edit-352x230.jpg 352w\" sizes=\"auto, (max-width: 1240px) 100vw, 1240px\" \/><figcaption class=\"wp-element-caption\"><br>Bazar Chorsu \u2013 Ta\u0161kent, Uzbekist\u00e1n (2016)<\/figcaption><\/figure>\n\n\n\n<figure class=\"wp-block-image size-full\"><img loading=\"lazy\" decoding=\"async\" width=\"1239\" height=\"807\" data-id=\"295\" src=\"https:\/\/martinbitman.cz\/wp-content\/uploads\/2022\/11\/20160424_2636-Edit.jpg\" alt=\"\" class=\"wp-image-295\" srcset=\"https:\/\/martinbitman.cz\/wp-content\/uploads\/2022\/11\/20160424_2636-Edit.jpg 1239w, https:\/\/martinbitman.cz\/wp-content\/uploads\/2022\/11\/20160424_2636-Edit-300x195.jpg 300w, https:\/\/martinbitman.cz\/wp-content\/uploads\/2022\/11\/20160424_2636-Edit-1024x667.jpg 1024w, https:\/\/martinbitman.cz\/wp-content\/uploads\/2022\/11\/20160424_2636-Edit-768x500.jpg 768w, https:\/\/martinbitman.cz\/wp-content\/uploads\/2022\/11\/20160424_2636-Edit-352x230.jpg 352w\" sizes=\"auto, (max-width: 1239px) 100vw, 1239px\" \/><figcaption class=\"wp-element-caption\"><br>Machhapuchhre \u2013 Annapurna NP, Nep\u00e1l (2016)<\/figcaption><\/figure>\n<\/figure>\n","protected":false},"excerpt":{"rendered":"","protected":false},"author":1,"featured_media":0,"parent":0,"menu_order":0,"comment_status":"closed","ping_status":"closed","template":"","meta":{"_monsterinsights_skip_tracking":false,"_monsterinsights_sitenote_active":false,"_monsterinsights_sitenote_note":"","_monsterinsights_sitenote_category":0,"footnotes":""},"class_list":["post-48","page","type-page","status-publish","hentry"],"_links":{"self":[{"href":"https:\/\/martinbitman.cz\/index.php\/wp-json\/wp\/v2\/pages\/48","targetHints":{"allow":["GET"]}}],"collection":[{"href":"https:\/\/martinbitman.cz\/index.php\/wp-json\/wp\/v2\/pages"}],"about":[{"href":"https:\/\/martinbitman.cz\/index.php\/wp-json\/wp\/v2\/types\/page"}],"author":[{"embeddable":true,"href":"https:\/\/martinbitman.cz\/index.php\/wp-json\/wp\/v2\/users\/1"}],"replies":[{"embeddable":true,"href":"https:\/\/martinbitman.cz\/index.php\/wp-json\/wp\/v2\/comments?post=48"}],"version-history":[{"count":13,"href":"https:\/\/martinbitman.cz\/index.php\/wp-json\/wp\/v2\/pages\/48\/revisions"}],"predecessor-version":[{"id":715,"href":"https:\/\/martinbitman.cz\/index.php\/wp-json\/wp\/v2\/pages\/48\/revisions\/715"}],"wp:attachment":[{"href":"https:\/\/martinbitman.cz\/index.php\/wp-json\/wp\/v2\/media?parent=48"}],"curies":[{"name":"wp","href":"https:\/\/api.w.org\/{rel}","templated":true}]}}