{"id":46,"date":"2022-11-09T22:31:59","date_gmt":"2022-11-09T22:31:59","guid":{"rendered":"http:\/\/martinbitman.cz\/?page_id=46"},"modified":"2022-11-14T23:01:47","modified_gmt":"2022-11-14T22:01:47","slug":"vystavy","status":"publish","type":"page","link":"https:\/\/martinbitman.cz\/index.php\/vystavy\/","title":{"rendered":"V\u00fdstavy"},"content":{"rendered":"\n<p style=\"font-size:14px\">Aktu\u00e1ln\u011b nen\u00ed pl\u00e1novan\u00e9 \u017e\u00e1dn\u00e1 fotografick\u00e1 v\u00fdstava.<\/p>\n\n\n\n<p style=\"font-size:14px\">V minulosti jsem vystavoval:<\/p>\n\n\n\n<ul class=\"wp-block-list\">\n<li>v Ta Kav\u00e1rn\u011b na Vy\u0161ehrad\u011b<\/li>\n\n\n\n<li>v Mammacentru na Zahradn\u00edm m\u011bst\u011b<\/li>\n\n\n\n<li>v restauraci Caf\u00e9 Theraphy<\/li>\n\n\n\n<li>v \u010dajovn\u011b na Strahov\u011b<\/li>\n\n\n\n<li>v Kafi Kav\u00e1rn\u011b v Hole\u0161ovic\u00edch<\/li>\n<\/ul>\n","protected":false},"excerpt":{"rendered":"<p>Aktu\u00e1ln\u011b nen\u00ed pl\u00e1novan\u00e9 \u017e\u00e1dn\u00e1 fotografick\u00e1 v\u00fdstava. V minulosti jsem vystavoval:\n <a href=\"https:\/\/martinbitman.cz\/index.php\/vystavy\/\" class=\"read-more inline\" title=\"Read More\">Read More<\/a><\/p>","protected":false},"author":1,"featured_media":0,"parent":0,"menu_order":0,"comment_status":"closed","ping_status":"closed","template":"","meta":{"_monsterinsights_skip_tracking":false,"_monsterinsights_sitenote_active":false,"_monsterinsights_sitenote_note":"","_monsterinsights_sitenote_category":0,"footnotes":""},"class_list":["post-46","page","type-page","status-publish","hentry"],"_links":{"self":[{"href":"https:\/\/martinbitman.cz\/index.php\/wp-json\/wp\/v2\/pages\/46","targetHints":{"allow":["GET"]}}],"collection":[{"href":"https:\/\/martinbitman.cz\/index.php\/wp-json\/wp\/v2\/pages"}],"about":[{"href":"https:\/\/martinbitman.cz\/index.php\/wp-json\/wp\/v2\/types\/page"}],"author":[{"embeddable":true,"href":"https:\/\/martinbitman.cz\/index.php\/wp-json\/wp\/v2\/users\/1"}],"replies":[{"embeddable":true,"href":"https:\/\/martinbitman.cz\/index.php\/wp-json\/wp\/v2\/comments?post=46"}],"version-history":[{"count":10,"href":"https:\/\/martinbitman.cz\/index.php\/wp-json\/wp\/v2\/pages\/46\/revisions"}],"predecessor-version":[{"id":498,"href":"https:\/\/martinbitman.cz\/index.php\/wp-json\/wp\/v2\/pages\/46\/revisions\/498"}],"wp:attachment":[{"href":"https:\/\/martinbitman.cz\/index.php\/wp-json\/wp\/v2\/media?parent=46"}],"curies":[{"name":"wp","href":"https:\/\/api.w.org\/{rel}","templated":true}]}}