{"id":45,"date":"2022-11-09T22:31:59","date_gmt":"2022-11-09T21:31:59","guid":{"rendered":"http:\/\/martinbitman.cz\/?page_id=45"},"modified":"2023-10-25T09:03:24","modified_gmt":"2023-10-25T08:03:24","slug":"besedy","status":"publish","type":"page","link":"https:\/\/martinbitman.cz\/index.php\/besedy\/","title":{"rendered":"Besedy"},"content":{"rendered":"\n<p style=\"font-size:14px\">Uspo\u0159\u00e1dal jsem des\u00edtky besed na festivalech, ve \u0161kol\u00e1ch, kav\u00e1rn\u00e1ch, nemocnic\u00edch i domech s pe\u010dovatelskou slu\u017ebou. Na besed\u00e1ch nab\u00edz\u00edm inspiraci, rady, z\u00e1\u017eitky, dojmy nebo mo\u017enost si odn\u00e9st fotografii, kalend\u00e1\u0159, knihu i pohlednici.<\/p>\n","protected":false},"excerpt":{"rendered":"<p>Uspo\u0159\u00e1dal jsem des\u00edtky besed na festivalech, ve \u0161kol\u00e1ch, kav\u00e1rn\u00e1ch, nemocnic\u00edch i domech s pe\u010dovatelskou slu\u017ebou. Na besed\u00e1ch nab\u00edz\u00edm inspiraci, rady, z\u00e1\u017eitky, dojmy nebo mo\u017enost si odn\u00e9st fotografii, kalend\u00e1\u0159, knihu i pohlednici.\n <a href=\"https:\/\/martinbitman.cz\/index.php\/besedy\/\" class=\"read-more inline\" title=\"Read More\">Read More<\/a><\/p>","protected":false},"author":1,"featured_media":0,"parent":0,"menu_order":0,"comment_status":"closed","ping_status":"closed","template":"","meta":{"_monsterinsights_skip_tracking":false,"_monsterinsights_sitenote_active":false,"_monsterinsights_sitenote_note":"","_monsterinsights_sitenote_category":0,"footnotes":""},"class_list":["post-45","page","type-page","status-publish","hentry"],"_links":{"self":[{"href":"https:\/\/martinbitman.cz\/index.php\/wp-json\/wp\/v2\/pages\/45","targetHints":{"allow":["GET"]}}],"collection":[{"href":"https:\/\/martinbitman.cz\/index.php\/wp-json\/wp\/v2\/pages"}],"about":[{"href":"https:\/\/martinbitman.cz\/index.php\/wp-json\/wp\/v2\/types\/page"}],"author":[{"embeddable":true,"href":"https:\/\/martinbitman.cz\/index.php\/wp-json\/wp\/v2\/users\/1"}],"replies":[{"embeddable":true,"href":"https:\/\/martinbitman.cz\/index.php\/wp-json\/wp\/v2\/comments?post=45"}],"version-history":[{"count":6,"href":"https:\/\/martinbitman.cz\/index.php\/wp-json\/wp\/v2\/pages\/45\/revisions"}],"predecessor-version":[{"id":1064,"href":"https:\/\/martinbitman.cz\/index.php\/wp-json\/wp\/v2\/pages\/45\/revisions\/1064"}],"wp:attachment":[{"href":"https:\/\/martinbitman.cz\/index.php\/wp-json\/wp\/v2\/media?parent=45"}],"curies":[{"name":"wp","href":"https:\/\/api.w.org\/{rel}","templated":true}]}}