{"id":25,"date":"2022-11-09T22:29:37","date_gmt":"2022-11-09T22:29:37","guid":{"rendered":"http:\/\/martinbitman.cz\/?page_id=25"},"modified":"2022-11-15T23:10:09","modified_gmt":"2022-11-15T22:10:09","slug":"rady","status":"publish","type":"page","link":"https:\/\/martinbitman.cz\/index.php\/rady\/","title":{"rendered":"Rady"},"content":{"rendered":"\n<div class=\"wp-block-columns is-layout-flex wp-container-core-columns-is-layout-9d6595d7 wp-block-columns-is-layout-flex\">\n<div class=\"wp-block-column is-layout-flow wp-block-column-is-layout-flow\">\n<div class=\"wp-block-columns is-layout-flex wp-container-core-columns-is-layout-9d6595d7 wp-block-columns-is-layout-flex\">\n<div class=\"wp-block-column is-layout-flow wp-block-column-is-layout-flow\">\n<figure class=\"wp-block-image size-large\"><img loading=\"lazy\" decoding=\"async\" width=\"605\" height=\"1024\" src=\"https:\/\/martinbitman.cz\/wp-content\/uploads\/2022\/11\/20130404_0287-1-605x1024.jpg\" alt=\"\" class=\"wp-image-449\" srcset=\"https:\/\/martinbitman.cz\/wp-content\/uploads\/2022\/11\/20130404_0287-1-605x1024.jpg 605w, https:\/\/martinbitman.cz\/wp-content\/uploads\/2022\/11\/20130404_0287-1-177x300.jpg 177w, https:\/\/martinbitman.cz\/wp-content\/uploads\/2022\/11\/20130404_0287-1-768x1300.jpg 768w, https:\/\/martinbitman.cz\/wp-content\/uploads\/2022\/11\/20130404_0287-1-907x1536.jpg 907w, https:\/\/martinbitman.cz\/wp-content\/uploads\/2022\/11\/20130404_0287-1.jpg 945w\" sizes=\"auto, (max-width: 605px) 100vw, 605px\" \/><\/figure>\n<\/div>\n\n\n\n<div class=\"wp-block-column is-layout-flow wp-block-column-is-layout-flow\">\n<h2 class=\"has-text-align-left wp-block-heading\"><strong>VYBAVEN\u00cd<\/strong><\/h2>\n\n\n\n<p style=\"font-size:14px\">P\u016fl roku nebo jen p\u00e1r t\u00fddnu? Rozd\u00edl je minim\u00e1ln\u00ed.<\/p>\n\n\n\n<p style=\"font-size:14px\">Doporu\u010den\u00e9 vybaven\u00ed turist\u016fm bat\u016f\u017ek\u00e1\u0159\u016fm, treka\u0159\u016fm i cestovatel\u016fm.<\/p>\n\n\n\n<p style=\"font-size:14px\"><a href=\"https:\/\/martinbitman.cz\/index.php\/vybaveni\/\" data-type=\"page\" data-id=\"525\"><strong>V\u00edce<\/strong><\/a><\/p>\n<\/div>\n<\/div>\n<\/div>\n\n\n\n<div class=\"wp-block-column is-layout-flow wp-block-column-is-layout-flow\">\n<div class=\"wp-block-columns is-layout-flex wp-container-core-columns-is-layout-9d6595d7 wp-block-columns-is-layout-flex\">\n<div class=\"wp-block-column is-layout-flow wp-block-column-is-layout-flow\">\n<figure class=\"wp-block-image\"><img loading=\"lazy\" decoding=\"async\" width=\"948\" height=\"1600\" src=\"https:\/\/martinbitman.cz\/wp-content\/uploads\/2022\/11\/20130407_0556.jpg\" alt=\"\" class=\"wp-image-446\" srcset=\"https:\/\/martinbitman.cz\/wp-content\/uploads\/2022\/11\/20130407_0556.jpg 948w, https:\/\/martinbitman.cz\/wp-content\/uploads\/2022\/11\/20130407_0556-178x300.jpg 178w, https:\/\/martinbitman.cz\/wp-content\/uploads\/2022\/11\/20130407_0556-607x1024.jpg 607w, https:\/\/martinbitman.cz\/wp-content\/uploads\/2022\/11\/20130407_0556-768x1296.jpg 768w, https:\/\/martinbitman.cz\/wp-content\/uploads\/2022\/11\/20130407_0556-910x1536.jpg 910w\" sizes=\"auto, (max-width: 948px) 100vw, 948px\" \/><\/figure>\n<\/div>\n\n\n\n<div class=\"wp-block-column is-layout-flow wp-block-column-is-layout-flow\">\n<h2 class=\"has-text-align-left wp-block-heading\"><strong>L\u00c9K\u00c1RNI\u010cKA<\/strong><\/h2>\n\n\n\n<p style=\"font-size:14px\">\u017de nejste zdravotn\u00edk? Nev\u00edte co s sebou vz\u00edt?<\/p>\n\n\n\n<p style=\"font-size:14px\">I kdy\u017e se chyst\u00e1te jen na kr\u00e1tkou expedici, l\u00e9k\u00e1rni\u010dku m\u011bjte v\u017edy s sebou. Nikdy nev\u00edte, kdy a kde ji budete pot\u0159ebovat.<\/p>\n\n\n\n<p style=\"font-size:14px\"><strong><a href=\"https:\/\/martinbitman.cz\/index.php\/lekarnicka\/\" data-type=\"page\" data-id=\"537\">V\u00edce<\/a><\/strong><\/p>\n<\/div>\n<\/div>\n<\/div>\n<\/div>\n\n\n\n<div class=\"wp-block-columns is-layout-flex wp-container-core-columns-is-layout-9d6595d7 wp-block-columns-is-layout-flex\">\n<div class=\"wp-block-column is-layout-flow wp-block-column-is-layout-flow\">\n<div class=\"wp-block-columns is-layout-flex wp-container-core-columns-is-layout-9d6595d7 wp-block-columns-is-layout-flex\">\n<div class=\"wp-block-column is-layout-flow wp-block-column-is-layout-flow\">\n<figure class=\"wp-block-image size-large\"><img loading=\"lazy\" decoding=\"async\" width=\"681\" height=\"1024\" src=\"https:\/\/martinbitman.cz\/wp-content\/uploads\/2022\/11\/20080920_1895-2-681x1024.jpg\" alt=\"\" class=\"wp-image-458\" srcset=\"https:\/\/martinbitman.cz\/wp-content\/uploads\/2022\/11\/20080920_1895-2-681x1024.jpg 681w, https:\/\/martinbitman.cz\/wp-content\/uploads\/2022\/11\/20080920_1895-2-200x300.jpg 200w, https:\/\/martinbitman.cz\/wp-content\/uploads\/2022\/11\/20080920_1895-2-768x1155.jpg 768w, https:\/\/martinbitman.cz\/wp-content\/uploads\/2022\/11\/20080920_1895-2-1021x1536.jpg 1021w, https:\/\/martinbitman.cz\/wp-content\/uploads\/2022\/11\/20080920_1895-2.jpg 1064w\" sizes=\"auto, (max-width: 681px) 100vw, 681px\" \/><\/figure>\n<\/div>\n\n\n\n<div class=\"wp-block-column is-layout-flow wp-block-column-is-layout-flow\">\n<h2 class=\"has-text-align-left wp-block-heading\"><strong>MAPY, PR\u016eVODCE A GPX SOUBORY<\/strong><\/h2>\n\n\n\n<p style=\"font-size:14px\">Hled\u00e1te nedostupn\u00e9 mapy, gpx soubory, pr\u016fvodce \u010di dal\u0161\u00ed praktick\u00e9 informace t\u00fdkaj\u00edc\u00ed se map?&nbsp;<\/p>\n\n\n\n<p style=\"font-size:14px\">V\u0161e si nav\u00edc m\u016f\u017eete odemne zdarma zap\u016fj\u010dit.<\/p>\n\n\n\n<p style=\"font-size:14px\"><strong><a href=\"https:\/\/martinbitman.cz\/index.php\/mapy-pruvodce-a-gpx-soubory\/\" data-type=\"page\" data-id=\"577\">V\u00edce<\/a><\/strong><\/p>\n<\/div>\n<\/div>\n<\/div>\n\n\n\n<div class=\"wp-block-column is-layout-flow wp-block-column-is-layout-flow\">\n<div class=\"wp-block-columns is-layout-flex wp-container-core-columns-is-layout-9d6595d7 wp-block-columns-is-layout-flex\">\n<div class=\"wp-block-column is-layout-flow wp-block-column-is-layout-flow\">\n<figure class=\"wp-block-image size-large\"><img loading=\"lazy\" decoding=\"async\" width=\"680\" height=\"1024\" src=\"https:\/\/martinbitman.cz\/wp-content\/uploads\/2022\/11\/20100826_0330-1-680x1024.jpg\" alt=\"\" class=\"wp-image-456\" srcset=\"https:\/\/martinbitman.cz\/wp-content\/uploads\/2022\/11\/20100826_0330-1-680x1024.jpg 680w, https:\/\/martinbitman.cz\/wp-content\/uploads\/2022\/11\/20100826_0330-1-199x300.jpg 199w, https:\/\/martinbitman.cz\/wp-content\/uploads\/2022\/11\/20100826_0330-1-768x1156.jpg 768w, https:\/\/martinbitman.cz\/wp-content\/uploads\/2022\/11\/20100826_0330-1-1020x1536.jpg 1020w, https:\/\/martinbitman.cz\/wp-content\/uploads\/2022\/11\/20100826_0330-1.jpg 1063w\" sizes=\"auto, (max-width: 680px) 100vw, 680px\" \/><\/figure>\n<\/div>\n\n\n\n<div class=\"wp-block-column is-layout-flow wp-block-column-is-layout-flow\">\n<h2 class=\"has-text-align-left wp-block-heading\"><strong>TIPY A TRIKY<\/strong><\/h2>\n\n\n\n<p style=\"font-size:14px\">Tipy a triky nasb\u00edran\u00e9 za deset let cestov\u00e1n\u00ed.<\/p>\n\n\n\n<p style=\"font-size:14px\">\u010clov\u011bk se u\u010d\u00ed cel\u00fd \u017eivot. Zku\u0161enost je nep\u0159enosn\u00e1.<\/p>\n\n\n\n<p style=\"font-size:14px\"><strong><a href=\"https:\/\/martinbitman.cz\/index.php\/tipy-a-triky\/\" data-type=\"page\" data-id=\"570\">V\u00edce<\/a><\/strong><\/p>\n<\/div>\n<\/div>\n<\/div>\n<\/div>\n\n\n\n<div class=\"wp-block-columns is-layout-flex wp-container-core-columns-is-layout-9d6595d7 wp-block-columns-is-layout-flex\">\n<div class=\"wp-block-column is-layout-flow wp-block-column-is-layout-flow\">\n<div class=\"wp-block-columns is-layout-flex wp-container-core-columns-is-layout-9d6595d7 wp-block-columns-is-layout-flex\">\n<div class=\"wp-block-column is-layout-flow wp-block-column-is-layout-flow\">\n<figure class=\"wp-block-image size-large\"><img loading=\"lazy\" decoding=\"async\" width=\"684\" height=\"1024\" src=\"https:\/\/martinbitman.cz\/wp-content\/uploads\/2022\/11\/20161114_2174-684x1024.jpg\" alt=\"\" class=\"wp-image-460\" srcset=\"https:\/\/martinbitman.cz\/wp-content\/uploads\/2022\/11\/20161114_2174-684x1024.jpg 684w, https:\/\/martinbitman.cz\/wp-content\/uploads\/2022\/11\/20161114_2174-200x300.jpg 200w, https:\/\/martinbitman.cz\/wp-content\/uploads\/2022\/11\/20161114_2174-768x1151.jpg 768w, https:\/\/martinbitman.cz\/wp-content\/uploads\/2022\/11\/20161114_2174-1025x1536.jpg 1025w, https:\/\/martinbitman.cz\/wp-content\/uploads\/2022\/11\/20161114_2174.jpg 1068w\" sizes=\"auto, (max-width: 684px) 100vw, 684px\" \/><\/figure>\n<\/div>\n\n\n\n<div class=\"wp-block-column is-layout-flow wp-block-column-is-layout-flow\">\n<h2 class=\"has-text-align-left wp-block-heading\"><strong>O\u010cKOV\u00c1N\u00cd A ZDRAV\u00cd<\/strong><\/h2>\n\n\n\n<p style=\"font-size:14px\">Co si m\u00e1m d\u00e1t za o\u010dkov\u00e1n\u00ed? <\/p>\n\n\n\n<p style=\"font-size:14px\">Nikdy nepodce\u0148ujte exotick\u00e9 nemoci. Nen\u00ed nic hor\u0161\u00edho, ne\u017e si krom\u011b z\u00e1\u017eitk\u016f p\u0159iv\u00e9zt i necht\u011bn\u00fd suven\u00fdr.<\/p>\n\n\n\n<p style=\"font-size:14px\"><strong><a href=\"https:\/\/martinbitman.cz\/index.php\/ockovani-a-zdravi\/\" data-type=\"page\" data-id=\"572\">V\u00edce<\/a><\/strong><\/p>\n<\/div>\n<\/div>\n<\/div>\n\n\n\n<div class=\"wp-block-column is-layout-flow wp-block-column-is-layout-flow\">\n<div class=\"wp-block-columns is-layout-flex wp-container-core-columns-is-layout-9d6595d7 wp-block-columns-is-layout-flex\">\n<div class=\"wp-block-column is-layout-flow wp-block-column-is-layout-flow\">\n<figure class=\"wp-block-image size-large\"><img loading=\"lazy\" decoding=\"async\" width=\"680\" height=\"1024\" src=\"https:\/\/martinbitman.cz\/wp-content\/uploads\/2022\/11\/20120929_0058-680x1024.jpg\" alt=\"\" class=\"wp-image-455\" srcset=\"https:\/\/martinbitman.cz\/wp-content\/uploads\/2022\/11\/20120929_0058-680x1024.jpg 680w, https:\/\/martinbitman.cz\/wp-content\/uploads\/2022\/11\/20120929_0058-199x300.jpg 199w, https:\/\/martinbitman.cz\/wp-content\/uploads\/2022\/11\/20120929_0058-768x1156.jpg 768w, https:\/\/martinbitman.cz\/wp-content\/uploads\/2022\/11\/20120929_0058-1020x1536.jpg 1020w, https:\/\/martinbitman.cz\/wp-content\/uploads\/2022\/11\/20120929_0058.jpg 1063w\" sizes=\"auto, (max-width: 680px) 100vw, 680px\" \/><\/figure>\n<\/div>\n\n\n\n<div class=\"wp-block-column is-layout-flow wp-block-column-is-layout-flow\">\n<h2 class=\"has-text-align-left wp-block-heading\"><strong>V\u00cdZA A BEZPE\u010cNOSTN\u00cd SITUACE<\/strong><\/h2>\n\n\n\n<p style=\"font-size:14px\">Jak na v\u00edza rychle levn\u011b a bez pomoci agentury?<\/p>\n\n\n\n<p style=\"font-size:14px\">U\u017eite\u010dn\u00e9 informace ov\u011b\u0159en\u00e9 vlastn\u00ed prax\u00ed.<\/p>\n\n\n\n<p style=\"font-size:14px\"><strong><a href=\"https:\/\/martinbitman.cz\/index.php\/viza-a-bezpecnostni-situace\/\" data-type=\"page\" data-id=\"575\">V\u00edce<\/a><\/strong><\/p>\n<\/div>\n<\/div>\n<\/div>\n<\/div>\n","protected":false},"excerpt":{"rendered":"<p>VYBAVEN\u00cd P\u016fl roku nebo jen p\u00e1r t\u00fddnu? Rozd\u00edl je minim\u00e1ln\u00ed. Doporu\u010den\u00e9 vybaven\u00ed turist\u016fm bat\u016f\u017ek\u00e1\u0159\u016fm, treka\u0159\u016fm i cestovatel\u016fm. V\u00edce L\u00c9K\u00c1RNI\u010cKA \u017de nejste zdravotn\u00edk? Nev\u00edte co s sebou vz\u00edt? I kdy\u017e se chyst\u00e1te jen na kr\u00e1tkou expedici, l\u00e9k\u00e1rni\u010dku m\u011bjte v\u017edy s sebou. Nikdy nev\u00edte, kdy a kde ji budete pot\u0159ebovat. V\u00edce MAPY, PR\u016eVODCE A GPX SOUBORY Hled\u00e1te\n <a href=\"https:\/\/martinbitman.cz\/index.php\/rady\/\" class=\"read-more inline\" title=\"Read More\">Read More<\/a><\/p>","protected":false},"author":1,"featured_media":0,"parent":0,"menu_order":0,"comment_status":"closed","ping_status":"closed","template":"","meta":{"_monsterinsights_skip_tracking":false,"_monsterinsights_sitenote_active":false,"_monsterinsights_sitenote_note":"","_monsterinsights_sitenote_category":0,"footnotes":""},"class_list":["post-25","page","type-page","status-publish","hentry"],"_links":{"self":[{"href":"https:\/\/martinbitman.cz\/index.php\/wp-json\/wp\/v2\/pages\/25","targetHints":{"allow":["GET"]}}],"collection":[{"href":"https:\/\/martinbitman.cz\/index.php\/wp-json\/wp\/v2\/pages"}],"about":[{"href":"https:\/\/martinbitman.cz\/index.php\/wp-json\/wp\/v2\/types\/page"}],"author":[{"embeddable":true,"href":"https:\/\/martinbitman.cz\/index.php\/wp-json\/wp\/v2\/users\/1"}],"replies":[{"embeddable":true,"href":"https:\/\/martinbitman.cz\/index.php\/wp-json\/wp\/v2\/comments?post=25"}],"version-history":[{"count":45,"href":"https:\/\/martinbitman.cz\/index.php\/wp-json\/wp\/v2\/pages\/25\/revisions"}],"predecessor-version":[{"id":592,"href":"https:\/\/martinbitman.cz\/index.php\/wp-json\/wp\/v2\/pages\/25\/revisions\/592"}],"wp:attachment":[{"href":"https:\/\/martinbitman.cz\/index.php\/wp-json\/wp\/v2\/media?parent=25"}],"curies":[{"name":"wp","href":"https:\/\/api.w.org\/{rel}","templated":true}]}}